{"id":71547,"date":"2023-08-13T14:14:58","date_gmt":"2023-08-13T12:14:58","guid":{"rendered":"https:\/\/safeblood.it\/?page_id=71547"},"modified":"2023-11-13T15:41:07","modified_gmt":"2023-11-13T14:41:07","slug":"cartao-de-membro-e-testamento-vital","status":"publish","type":"page","link":"https:\/\/safeblood.it\/pt-pt\/cartao-de-membro-e-testamento-vital\/","title":{"rendered":"Cart\u00e3o de membro e testamento vital"},"content":{"rendered":"[vc_row type=&#8221;in_container&#8221; full_screen_row_position=&#8221;middle&#8221; column_margin=&#8221;default&#8221; column_direction=&#8221;default&#8221; column_direction_tablet=&#8221;default&#8221; column_direction_phone=&#8221;default&#8221; scene_position=&#8221;center&#8221; text_color=&#8221;dark&#8221; text_align=&#8221;left&#8221; row_border_radius=&#8221;none&#8221; row_border_radius_applies=&#8221;bg&#8221; overlay_strength=&#8221;0.3&#8243; gradient_direction=&#8221;left_to_right&#8221; shape_divider_position=&#8221;bottom&#8221; bg_image_animation=&#8221;none&#8221;][vc_column column_padding=&#8221;no-extra-padding&#8221; column_padding_tablet=&#8221;inherit&#8221; column_padding_phone=&#8221;inherit&#8221; column_padding_position=&#8221;all&#8221; column_element_spacing=&#8221;default&#8221; background_color_opacity=&#8221;1&#8243; background_hover_color_opacity=&#8221;1&#8243; column_shadow=&#8221;none&#8221; column_border_radius=&#8221;none&#8221; column_link_target=&#8221;_self&#8221; gradient_direction=&#8221;left_to_right&#8221; overlay_strength=&#8221;0.3&#8243; width=&#8221;1\/1&#8243; tablet_width_inherit=&#8221;default&#8221; tablet_text_alignment=&#8221;default&#8221; phone_text_alignment=&#8221;default&#8221; bg_image_animation=&#8221;none&#8221; border_type=&#8221;simple&#8221; column_border_width=&#8221;none&#8221; column_border_style=&#8221;solid&#8221;][vc_column_text]\n<h3>Cart\u00e3o de membro:<\/h3>\n<p>Nesta p\u00e1gina, voc\u00ea encontrar\u00e1 seu <strong>cart\u00e3o de identifica\u00e7\u00e3o de associado<\/strong>, que tamb\u00e9m serve como cart\u00e3o de identifica\u00e7\u00e3o do seu grupo sangu\u00edneo. Os dados foram inseridos por voc\u00ea mesmo quando se registrou como membro e podem ser ajustados (por exemplo, as informa\u00e7\u00f5es de emerg\u00eancia) a qualquer momento em sua conta (<a href=\"https:\/\/safeblood.pt\/pt-pt\/profile\/\" target=\"_blank\" rel=\"noopener\">Perfil<\/a>). Esse cart\u00e3o de identifica\u00e7\u00e3o tamb\u00e9m cont\u00e9m <strong>um formul\u00e1rio resumido de seu testamento vital<\/strong>.<\/p>\n<p>Voc\u00ea pode <strong>imprimir o cart\u00e3o de identifica\u00e7\u00e3o<\/strong> aqui (bot\u00e3o &#8220;imprimir cart\u00e3o de associado&#8221;), em casa, no escrit\u00f3rio, em um fornecedor on-line ou em uma loja de c\u00f3pias. Em papel (imprimir, dobrar e laminar) ou em um cart\u00e3o de pl\u00e1stico.<br \/>\nVoc\u00ea tamb\u00e9m <strong>pode us\u00e1-lo digitalmente<\/strong>, por exemplo, baix\u00e1-lo em seu smartphone (bot\u00e3o &#8220;salvar como imagem&#8221;) e salv\u00e1-lo em seu \u00e1lbum de fotos ou na Apple Wallet ou similar.<\/p>\n<p>Al\u00e9m disso, voc\u00ea pode <strong>importar a ID de associado e o testamento vital<\/strong> por meio do c\u00f3digo de emerg\u00eancia abaixo <strong>diretamente para as informa\u00e7\u00f5es de emerg\u00eancia<\/strong> do seu smartphone, que a equipe m\u00e9dica de emerg\u00eancia pode recuperar sem precisar desbloquear o telefone.<br \/>\nO <strong>c\u00f3digo QR<\/strong> e o link acima dele tamb\u00e9m se destinam <strong>\u00e0 equipe m\u00e9dica de emerg\u00eancia<\/strong>. A leitura desse c\u00f3digo\/link levar\u00e1 diretamente ao seu testamento vital e a todos os dados m\u00e9dicos relevantes, em uma vers\u00e3o especial apenas para os m\u00e9dicos, que encontrar\u00e3o ali a op\u00e7\u00e3o de traduzir esses dados para os principais idiomas do mundo em poucos segundos.<br \/>\n<strong>Observe que, para que o c\u00f3digo QR funcione, voc\u00ea deve primeiro adaptar, assinar e salvar seu testamento em vida. Se voc\u00ea n\u00e3o tiver feito isso, o c\u00f3digo QR se referir\u00e1 a um testamento em vida inexistente e, portanto, gerar\u00e1 uma mensagem de erro.<\/strong><\/p>\n<p><strong>(Mais informa\u00e7\u00f5es sobre o cart\u00e3o de membro podem ser encontradas <a href=\"https:\/\/safeblood.pt\/pt-pt\/ufaq\/cartao-de-identificacao-de-membro-cartao-grupo-de-sangue\/\" target=\"_blank\" rel=\"noopener\">aqui<\/a>). <\/strong><\/p>\n<h3>Testamento vital:<\/h3>\n<p>O bot\u00e3o &#8220;view living will&#8221; permite que voc\u00ea <strong>visualize seu testamento vital<\/strong>. No entanto, antes de fazer isso, voc\u00ea <strong>deve primeiro edit\u00e1-lo e salv\u00e1-lo<\/strong> (bot\u00e3o &#8220;edit patient decree&#8221;). Esse bot\u00e3o o levar\u00e1 \u00e0 tela de edi\u00e7\u00e3o, onde poder\u00e1 <strong>personalizar<\/strong> a diretiva como desejar e onde o procedimento \u00e9 explicado. N\u00e3o se esque\u00e7a de salv\u00e1-la primeiro.<\/p>\n<p><strong>(Mais informa\u00e7\u00f5es sobre o testamento vital podem ser encontradas <a href=\"https:\/\/safeblood.pt\/pt-pt\/ufaq\/testamento-vital-directiva-do-paciente\/\" target=\"_blank\" rel=\"noopener\">aqui<\/a>). <\/strong><\/p>\n<div class=\"members-id\"><h2>Cart\u00e3o de membro e testamento vital<\/h2><iframe id=\"membercard\" width=\"100%\" style=\"height:6cm;\" src=\"\/pt-pt\/cartao-de-membro?id=\"><\/iframe><\/div><div class=\"member-prints\"><a href=\"#\" class=\"nectar-button regular   has-icon jumbo regular-button \" onclick=\"document.getElementById('membercard').contentWindow.print();\" ><i class=\"fa fa-print\"><\/i>\nImprimir cart\u00e3o de membro<\/a> <a href=\"#\" class=\"nectar-button save_as_image regular  has-icon jumbo    regular-button \"><i class=\"fa fa-picture-o\" aria-hidden=\"true\"><\/i>Salvar como imagem<\/a> <a href=\"\/pt-pt\/editar-decreto-do-paciente\/?code=-\" class=\"nectar-button regular  has-icon jumbo    regular-button \"><i class=\"fa fa-file-text\" aria-hidden=\"true\"><\/i>Editar testamento vital<\/a> <a target=\"_blank\" href=\"https:\/\/sbl.onl\/-\" class=\"nectar-button regular   has-icon jumbo  regular-button \"><i class=\"fa fa-eye\" aria-hidden=\"true\"><\/i>Ver a vontade de viver<\/a><\/div>\n<script src=\"https:\/\/safeblood.it\/wp-content\/plugins\/save-my-frame-as-screenshot\/html2canvas.min.js\" ><\/script>\n\t<script>\n\t\t\njQuery(\".save_as_image\").click(function(){\n\t\n                                \n                                if (jQuery(window).width() > 1000) {\n                                        document.getElementById(\"membercard\").width = \"50%\";\n                                }\n                        \n                               html2canvas(jQuery(\"#membercard\").contents().find('.both-sides')[0],{\n  width: 325,\n  height: 412\n}).then(canvas => {\n                                                                                   document.querySelector(\".image-content\").style.display =\"none\";\n            document.querySelector(\".image-content\").appendChild(canvas);\n                                                                                  return canvas;\n                                                                                  \n                                                            \n\n                       \n                                                        \n                                                                                  }).then(canvas => {\n                                                                                      const image = canvas.toDataURL('image\/png').replace('image\/png', 'image\/octet-stream')\n                                                                                      const a = document.createElement('a')\n                                                                                      a.setAttribute('download', 'safeblood-membercard.png')\n                                                                                      a.setAttribute('href', image)\n                                                                                      a.click()\n                                                                                      canvas.remove()\n                                                                                          document.getElementById(\"membercard\").width = \"100%\";\n                                                                                  })\n                               \n                               \n                               ;});\n\t\t\n<\/script>\n<div class=\"image-content\"><\/div>\n\n\n<hr \/>\n<h3>Informa\u00e7\u00f5es de emerg\u00eancia<\/h3>\n<p>Configure as informa\u00e7\u00f5es de emerg\u00eancia no seu telem\u00f3vel com o seguinte c\u00f3digo, mas s\u00f3 depois de ter personalizado e guardado o testamento vital. Copie este c\u00f3digo para a sua aplica\u00e7\u00e3o m\u00e9dica &#8211; uma fotografia de exemplo que mostra como e onde inserir o c\u00f3digo pode ser encontrada no final desta p\u00e1gina:<br \/>\n\n<p><strong>(Mais informa\u00e7\u00f5es sobre as informa\u00e7\u00f5es de emerg\u00eancia podem ser encontradas <a href=\"https:\/\/safeblood.pt\/pt-pt\/ufaq\/informacao-de-emergencia-codigo-qr-link\/\" target=\"_blank\" rel=\"noopener\">aqui<\/a>). <\/strong><\/p>\n<p>Para <a href=\"https:\/\/support.google.com\/android\/answer\/9319337?hl=en\" target=\"_blank\" rel=\"noopener\">Android<\/a><br \/>\nPara <a href=\"https:\/\/support.apple.com\/en-us\/HT207021\" target=\"_blank\" rel=\"noopener\">iPhone<\/a><\/p>\n<p>Aqui pode ver onde pode utilizar o c\u00f3digo e o que mais pode acrescentar, se desejar:<\/p>\n<p><a href=\"https:\/\/safeblood.it\/wp-content\/uploads\/2023\/11\/medical-info-example.jpg\"><img loading=\"lazy\" class=\"aligncenter size-large wp-image-73145\" src=\"https:\/\/safeblood.it\/wp-content\/uploads\/2023\/11\/medical-info-example-576x1024.jpg\" alt=\"\" width=\"576\" height=\"1024\" srcset=\"https:\/\/safeblood.it\/wp-content\/uploads\/2023\/11\/medical-info-example-576x1024.jpg 576w, https:\/\/safeblood.it\/wp-content\/uploads\/2023\/11\/medical-info-example-169x300.jpg 169w, https:\/\/safeblood.it\/wp-content\/uploads\/2023\/11\/medical-info-example.jpg 750w\" sizes=\"(max-width: 576px) 100vw, 576px\" \/><\/a>[\/vc_column_text][\/vc_column][\/vc_row]\n","protected":false},"excerpt":{"rendered":"<p>[vc_row type=&#8221;in_container&#8221; full_screen_row_position=&#8221;middle&#8221; column_margin=&#8221;default&#8221; column_direction=&#8221;default&#8221; column_direction_tablet=&#8221;default&#8221; column_direction_phone=&#8221;default&#8221; scene_position=&#8221;center&#8221; text_color=&#8221;dark&#8221; text_align=&#8221;left&#8221; row_border_radius=&#8221;none&#8221; row_border_radius_applies=&#8221;bg&#8221; overlay_strength=&#8221;0.3&#8243; gradient_direction=&#8221;left_to_right&#8221; shape_divider_position=&#8221;bottom&#8221; bg_image_animation=&#8221;none&#8221;][vc_column column_padding=&#8221;no-extra-padding&#8221; column_padding_tablet=&#8221;inherit&#8221; column_padding_phone=&#8221;inherit&#8221; column_padding_position=&#8221;all&#8221; column_element_spacing=&#8221;default&#8221; background_color_opacity=&#8221;1&#8243; background_hover_color_opacity=&#8221;1&#8243; column_shadow=&#8221;none&#8221; column_border_radius=&#8221;none&#8221; column_link_target=&#8221;_self&#8221; gradient_direction=&#8221;left_to_right&#8221; overlay_strength=&#8221;0.3&#8243; width=&#8221;1\/1&#8243; tablet_width_inherit=&#8221;default&#8221;&#8230;<\/p>\n","protected":false},"author":2,"featured_media":0,"parent":0,"menu_order":0,"comment_status":"closed","ping_status":"closed","template":"","meta":[],"_links":{"self":[{"href":"https:\/\/safeblood.it\/pt-pt\/wp-json\/wp\/v2\/pages\/71547"}],"collection":[{"href":"https:\/\/safeblood.it\/pt-pt\/wp-json\/wp\/v2\/pages"}],"about":[{"href":"https:\/\/safeblood.it\/pt-pt\/wp-json\/wp\/v2\/types\/page"}],"author":[{"embeddable":true,"href":"https:\/\/safeblood.it\/pt-pt\/wp-json\/wp\/v2\/users\/2"}],"replies":[{"embeddable":true,"href":"https:\/\/safeblood.it\/pt-pt\/wp-json\/wp\/v2\/comments?post=71547"}],"version-history":[{"count":8,"href":"https:\/\/safeblood.it\/pt-pt\/wp-json\/wp\/v2\/pages\/71547\/revisions"}],"predecessor-version":[{"id":73154,"href":"https:\/\/safeblood.it\/pt-pt\/wp-json\/wp\/v2\/pages\/71547\/revisions\/73154"}],"wp:attachment":[{"href":"https:\/\/safeblood.it\/pt-pt\/wp-json\/wp\/v2\/media?parent=71547"}],"curies":[{"name":"wp","href":"https:\/\/api.w.org\/{rel}","templated":true}]}}