{"id":71542,"date":"2023-08-13T14:01:48","date_gmt":"2023-08-13T12:01:48","guid":{"rendered":"https:\/\/safeblood.it\/?page_id=71542"},"modified":"2025-05-10T19:13:51","modified_gmt":"2025-05-10T17:13:51","slug":"editar-decreto-do-paciente","status":"publish","type":"page","link":"https:\/\/safeblood.it\/pt-pt\/editar-decreto-do-paciente\/","title":{"rendered":"Editar decreto do paciente"},"content":{"rendered":"[vc_row type=&#8221;in_container&#8221; full_screen_row_position=&#8221;middle&#8221; column_margin=&#8221;default&#8221; column_direction=&#8221;default&#8221; column_direction_tablet=&#8221;default&#8221; column_direction_phone=&#8221;default&#8221; scene_position=&#8221;center&#8221; text_color=&#8221;dark&#8221; text_align=&#8221;left&#8221; row_border_radius=&#8221;none&#8221; row_border_radius_applies=&#8221;bg&#8221; overlay_strength=&#8221;0.3&#8243; gradient_direction=&#8221;left_to_right&#8221; shape_divider_position=&#8221;bottom&#8221; bg_image_animation=&#8221;none&#8221;][vc_column column_padding=&#8221;no-extra-padding&#8221; column_padding_tablet=&#8221;inherit&#8221; column_padding_phone=&#8221;inherit&#8221; column_padding_position=&#8221;all&#8221; column_element_spacing=&#8221;default&#8221; background_color_opacity=&#8221;1&#8243; background_hover_color_opacity=&#8221;1&#8243; column_shadow=&#8221;none&#8221; column_border_radius=&#8221;none&#8221; column_link_target=&#8221;_self&#8221; gradient_direction=&#8221;left_to_right&#8221; overlay_strength=&#8221;0.3&#8243; width=&#8221;1\/1&#8243; tablet_width_inherit=&#8221;default&#8221; tablet_text_alignment=&#8221;default&#8221; phone_text_alignment=&#8221;default&#8221; bg_image_animation=&#8221;none&#8221; border_type=&#8221;simple&#8221; column_border_width=&#8221;none&#8221; column_border_style=&#8221;solid&#8221;][vc_column_text]<strong>Nesta p\u00e1gina, voc\u00ea pode personalizar seu testamento vital pessoal.<\/strong><\/p>\n<p><strong>A primeira parte<\/strong>: Os dados &#8220;Personal data decreeing person&#8221; e &#8220;Medical data decreeing person&#8221; v\u00eam diretamente do banco de dados e <strong>n\u00e3o podem ser alterados aqui<\/strong>, mas somente na sua \u00e1rea de membro em <a href=\"https:\/\/safeblood.pt\/pt-pt\/profile\/\" target=\"_blank\" rel=\"noopener\">https:\/\/safeblood.pt\/pt-pt\/profile\/<\/a> (ou com o c\u00f3digo do seu pa\u00eds), onde voc\u00ea pressiona &#8220;edit&#8221;.<\/p>\n<p><strong>A segunda parte<\/strong>: No campo de texto, o <strong>texto<\/strong> real de seu testamento em vida \u00e9 fornecido como exemplo. <strong>Voc\u00ea pode alterar o que quiser<\/strong>. De qualquer forma, voc\u00ea <strong>deve completar<\/strong> os pontos onde h\u00e1 um &#8220;&#8230;..&#8221;. Atr\u00e1s do &#8220;&#8230;..&#8221; \u00e9 explicado em cada caso o que deve ser colocado no lugar dos pontos (por exemplo, &#8220;nome + sobrenome&#8221;). Em seguida, exclua esse texto explicativo obl\u00edquo.<\/p>\n<p><strong>Se voc\u00ea n\u00e3o tiver ou n\u00e3o quiser uma &#8220;pessoa de confian\u00e7a&#8221;, exclua tudo relacionado a ela.<\/strong><br \/>\n<strong>Se a sua pessoa de confian\u00e7a n\u00e3o tiver o mesmo grupo sangu\u00edneo que voc\u00ea, ser\u00e1 necess\u00e1rio alterar essa passagem aqui no texto ou excluir a passagem inteira.<\/strong><\/p>\n<p><strong>Muito importante<\/strong>: quando tiver personalizado seu testamento em vida, <strong>salve-o<\/strong> <strong>pressionando o bot\u00e3o vermelho &#8220;Save changes&#8221; (Salvar altera\u00e7\u00f5es)<\/strong> &#8211; se n\u00e3o fizer isso, tudo voltar\u00e1 ao texto original.<\/p>\n<p><strong>Depois<\/strong> de ter guardado as altera\u00e7\u00f5es, pode <strong>carregar uma assinatura digitalizada<\/strong>. Para tal, selecione o ficheiro que cont\u00e9m a sua assinatura (Choose file) e clique em \u201cCarregar assinatura\u201d. Quando vir a mensagem \u201cAssinatura carregada com sucesso\u201d, o seu testamento vital est\u00e1 atualizado.<br \/>\nSe ainda n\u00e3o tiver uma assinatura digitalizada, fa\u00e7a uma em papel branco e fotografe-a ou digitalize-a antes de a poder carregar.<br \/>\n(N\u00e3o carregue a assinatura em \u201cCarregar ID\u201d. Se vir esta op\u00e7\u00e3o, est\u00e1 na p\u00e1gina errada).<\/p>\n<p>Recomendamos que, no final, <strong>imprima o testamento vital<\/strong> e o assine \u00e0 m\u00e3o, de modo a poder entregar a vers\u00e3o impressa mais tarde, se tal for necess\u00e1rio.<\/p>\n<h1>VONTADE DE VIVER<\/h1><div class=\"patient_directive_table\"><div class=\"row\"><div class=\"col-full\">Pessoa que descarta os dados pessoais:<\/div><\/div><div class=\"row\"><div class=\"col-title\">SafeBlood Donation N\u00famero de membro:<\/div><div class=\"col-data\"><\/div><\/div><div class=\"row\"><div class=\"col-title\">SafeBlood Vincular dados pessoais:<\/div><div class=\"col-data\">https:\/\/sbl.onl\/-<\/div><\/div><div class=\"row\"><div class=\"col-title\">Primeiro nome, Sobrenome:<\/div><div class=\"col-data\"> <\/div><\/div><div class=\"row\"><div class=\"col-title\">Data de nascimento:<\/div><div class=\"col-data\">01.01.1970<\/div><\/div><div class=\"row\"><div style=\"vertical-align:top;\" class=\"col-title\">Endere\u00e7o postal:<\/div><div class=\"col-data\"> <br> <\/div><\/div><div class=\"row\"><div class=\"col-title\">Pa\u00eds:<\/div><div class=\"col-data\"><\/div><\/div><div class=\"row\"><div class=\"col-title\">Telem\u00f3vel:<\/div><div class=\"col-data\"><\/div><\/div><div class=\"row\"><div class=\"col-title\">E-mail:<\/div><div class=\"col-data\"><\/div><\/div><div class=\"row\"><\/div><div class=\"row\"><div class=\"col-full\">Pessoa que det\u00e9m dados m\u00e9dicos:<\/div><\/div><div class=\"row\"><div class=\"col-title\">Grupo sangu\u00edneo:<\/div><div class=\"col-data\"><\/div><\/div><div class=\"row\"><div class=\"col-title\">Grupo sangu\u00edneo RH Kell:<\/div><div class=\"col-data\"><\/div><\/div><div class=\"row\"><div class=\"col-title\">Anticorpos:<\/div><div class=\"col-data\"><\/div><\/div><div class=\"row\"><div class=\"col-title\">Estado de vacina\u00e7\u00e3o COVID-19:<\/div><div class=\"col-data\"><\/div><\/div><div class=\"row\"><div class=\"col-title\">Informa\u00e7\u00f5es de emerg\u00eancia:<\/div><div class=\"col-data\"><\/div><\/div><\/div><br><br><br><br><p><form  name=\"edit_patient_directive\" method=\"POST\"><div id=\"wp-long_patient_directive-wrap\" class=\"wp-core-ui wp-editor-wrap tmce-active\"><link rel='stylesheet' id='dashicons-css'  href='https:\/\/safeblood.it\/wp-includes\/css\/dashicons.min.css?ver=6.0.3' type='text\/css' media='all' \/>\n<link rel='stylesheet' id='editor-buttons-css'  href='https:\/\/safeblood.it\/wp-includes\/css\/editor.min.css?ver=6.0.3' type='text\/css' media='all' \/>\n<div id=\"wp-long_patient_directive-editor-container\" class=\"wp-editor-container\"><textarea class=\"wp-editor-area\" rows=\"10\" autocomplete=\"off\" cols=\"40\" name=\"long_patient_directive\" id=\"long_patient_directive\">&lt;h3&gt;Verf\u00fcgende und vertretungsberechtigte Person&lt;\/h3&gt;\r\nIch, ... &lt;em&gt;(Vorname + Name)&lt;\/em&gt;, ernenne folgende vertretungsberechtigte Person, die im Falle meiner Urteilsunfa\u0308higkeit mit der behandelnden \u00c4rztin oder dem behandelnden Arzt die medizinischen Massnahmen besprechen und in meinem Namen entscheiden soll.\r\n&lt;h3&gt;Vertretungsberechtigte Vertrauensperson&lt;\/h3&gt;\r\n... &lt;em&gt;(Name, Adresse, Email + Tel.)&lt;\/em&gt;\r\nEs besteht ein besonderes Vertrauensverh\u00e4ltnis, kein Interessenkonflikt, die Person ist in der Lage, meine Werte und Haltungen auch in Ernstsituationen durchzusetzen. Sie vertritt mich zu 100% bei jeder Entscheidung.\r\n&lt;h3&gt;Medizinische Behandlungen in einer Notfallsituation:&lt;\/h3&gt;\r\nDurchgef\u00fchrt werden d\u00fcrfen und sollen s\u00e4mtliche auf der Intensivstation in Notfallsituationen normalerweise angewendeten Massnahmen, in Absprache mit der von mir genannten vertretungsberechtigten Person, mit folgenden Ausnahmen:\r\n\r\n&lt;strong&gt;Keine maschinelle Intubation.&lt;\/strong&gt;\r\n\r\n&lt;strong&gt;Keine Verwendung von Blutkonserven, &lt;\/strong&gt;es sei denn, sie tragen das Attribut \"nur f\u00fcr Safeblood-Mitglieder verwenden\". Im Notfall will ich aus pers\u00f6nlichen Gr\u00fcnden Blut ausschlie\u00dflich von meiner oben genannten Vertrauensperson gespendet bekommen - sie hat eine kompatible Blutgruppe. Ich akzeptiere ihr Blut im Notfall auch als Direkttransfusion ohne jegliche Aufbereitung. Meine Vertrauensperson ist bei jedem terminierten Eingriff pers\u00f6nlich anwesend und kann daher unmittelbar als Blutspender dienen. Ist sie ausnahmsweise direkt nicht verf\u00fcgbar, bestimmt nur sie, oder die Organisation SafeBlood Donation, einen geeigneten Ersatz - in der Regel die oben erw\u00e4hnte Blutkonserve mit der Bezeichnung \"nur f\u00fcr Safeblood-Mitglieder verwenden\".\r\n&lt;strong&gt;Transfusionen sollen nur bei lebensbedrohlichen Situationen angewendet werden&lt;\/strong&gt;, und erst, wenn der H\u00e4moglobinwert unter 5 g\/dl liegt, und nachdem alle Optionen ausgesch\u00f6pft worden sind, wie Volumenexpander (Kochsalz, Dextran, Haemaccel, Ringer-Laktat-L\u00f6sung. Hydroxy\u00e4thylst\u00e4rke H\u00c4S) oder \u00e4hnliches, und Methoden wie Elektrokauter, Eisenpr\u00e4parate (intramuskul\u00e4r oder intraven\u00f6s), k\u00fcnstlich hergestelltes ESF, &lt;strong&gt;oder und insbesondere&lt;\/strong&gt; Absaugen des Blutes aus der Wunde und R\u00fcckf\u00fchrung in den Kreislauf (Autotransfusion ATS\/MAT oder Re-Transfusion ADR).\r\n\r\nTelefon SafeBlood Donation Switzerland: +41 79 55 99 079\r\n&lt;h3&gt;Organspende&lt;\/h3&gt;\r\nIch m\u00f6chte keine Spenderin sein, au\u00dfer f\u00fcr direkte Verwandte in einer lebensbedrohlichen Situation.\r\n\r\n&amp;nbsp;\r\n\r\n\u2026., \u2026.., .....&lt;em&gt; (Vorname + Name, Ort, Datum)&lt;\/em&gt;\r\n&lt;strong&gt;Digital unterschrieben&lt;\/strong&gt; im Mitgliederbereich von SafeBlood.net\r\n(Das unterschriebene Original\/Papierversion kann auf Verlangen nachgeliefert werden.)\r\n\r\n&amp;nbsp;\r\n\r\n.............................................................................................................\r\n\r\n&lt;em&gt;(Unterschrift f\u00fcr die gedruckte Version)&lt;\/em&gt;<\/textarea><\/div>\n<\/div>\n\n<br><br><input type=\"submit\" name=\"edit\" value=\"Salvar altera\u00e7\u00f5es\" \/> <a href=\"\/pt-pt\/cartao-de-membro-e-testamento-vital?id=\"  class=\"nectar-button regular       regular-button \">Voltar<\/a> <input type=\"submit\" style=\"background-color:black;\" name=\"preview\" value=\"Ver a vontade de viver\" \/><input type=\"hidden\" name=\"code\" value=\"\" \/><input type=\"hidden\" name=\"edit_patient_directive\" value=\"\" \/><\/form><p class=\"signature-error\">Error: User ID is required.<\/p><\/p>\n\t<style>\n\t.patient_directive_table .row {\n\t\twidth: 90%;\n\t}\n\t\n\t.row, div.clear {\n\t\tpadding-bottom: 0;\n\t}\n\t\n\t.patient_directive_table .row:nth-child(2n) {\n\t\tbackground: #f6f7f7;\n\t}\n\t\n\t.patient_directive_table .col-full {\n\t\twidth: 100%;\n\t\tfont-weight: bold;\n\t\tmargin-left:5mm;\n\t}\n\t\n\t.patient_directive_table .col-title {\n\t\twidth: 34%;\n\t\tdisplay: inline-block;\n\t\tvertical-align:top;\n\t\tmargin-left:10mm;\n\t}\n\t\n\t.patient_directive_table .col-data {\n\t\twidth: 58%;\n\t\tdisplay: inline-block;\n\t\tvertical-align:top;\n\t\tpadding-left: 10mm;\n\t}\n\t\n\t@media print  {\n\t\tbody {\n\t\t  margin: 0;\n\t\t  color: #000;\n\t\t  background-color: #fff;\n\t\t}\n\t\n\t\t#footer-outer,.pd-buttons {display: none;}\n\t\t#header-outer {display: block; z-index: 0;}\n\t\n\t}\n\t\n\t.heading-title {display: none;}\n\t<\/style>\n[\/vc_column_text][\/vc_column][\/vc_row]\n","protected":false},"excerpt":{"rendered":"<p>[vc_row type=&#8221;in_container&#8221; full_screen_row_position=&#8221;middle&#8221; column_margin=&#8221;default&#8221; column_direction=&#8221;default&#8221; column_direction_tablet=&#8221;default&#8221; column_direction_phone=&#8221;default&#8221; scene_position=&#8221;center&#8221; text_color=&#8221;dark&#8221; text_align=&#8221;left&#8221; row_border_radius=&#8221;none&#8221; row_border_radius_applies=&#8221;bg&#8221; overlay_strength=&#8221;0.3&#8243; gradient_direction=&#8221;left_to_right&#8221; shape_divider_position=&#8221;bottom&#8221; bg_image_animation=&#8221;none&#8221;][vc_column column_padding=&#8221;no-extra-padding&#8221; column_padding_tablet=&#8221;inherit&#8221; column_padding_phone=&#8221;inherit&#8221; column_padding_position=&#8221;all&#8221; column_element_spacing=&#8221;default&#8221; background_color_opacity=&#8221;1&#8243; background_hover_color_opacity=&#8221;1&#8243; column_shadow=&#8221;none&#8221; column_border_radius=&#8221;none&#8221; column_link_target=&#8221;_self&#8221; gradient_direction=&#8221;left_to_right&#8221; overlay_strength=&#8221;0.3&#8243; width=&#8221;1\/1&#8243; tablet_width_inherit=&#8221;default&#8221;&#8230;<\/p>\n","protected":false},"author":2,"featured_media":0,"parent":0,"menu_order":0,"comment_status":"closed","ping_status":"closed","template":"","meta":[],"_links":{"self":[{"href":"https:\/\/safeblood.it\/pt-pt\/wp-json\/wp\/v2\/pages\/71542"}],"collection":[{"href":"https:\/\/safeblood.it\/pt-pt\/wp-json\/wp\/v2\/pages"}],"about":[{"href":"https:\/\/safeblood.it\/pt-pt\/wp-json\/wp\/v2\/types\/page"}],"author":[{"embeddable":true,"href":"https:\/\/safeblood.it\/pt-pt\/wp-json\/wp\/v2\/users\/2"}],"replies":[{"embeddable":true,"href":"https:\/\/safeblood.it\/pt-pt\/wp-json\/wp\/v2\/comments?post=71542"}],"version-history":[{"count":6,"href":"https:\/\/safeblood.it\/pt-pt\/wp-json\/wp\/v2\/pages\/71542\/revisions"}],"predecessor-version":[{"id":79584,"href":"https:\/\/safeblood.it\/pt-pt\/wp-json\/wp\/v2\/pages\/71542\/revisions\/79584"}],"wp:attachment":[{"href":"https:\/\/safeblood.it\/pt-pt\/wp-json\/wp\/v2\/media?parent=71542"}],"curies":[{"name":"wp","href":"https:\/\/api.w.org\/{rel}","templated":true}]}}