{"id":71525,"date":"2023-08-11T12:32:47","date_gmt":"2023-08-11T10:32:47","guid":{"rendered":"https:\/\/safeblood.it\/?page_id=71525"},"modified":"2023-08-27T17:50:05","modified_gmt":"2023-08-27T15:50:05","slug":"diagrama-de-grupos-de-sangue","status":"publish","type":"page","link":"https:\/\/safeblood.it\/pt-pt\/diagrama-de-grupos-de-sangue\/","title":{"rendered":"Diagrama de Grupos de Sangue"},"content":{"rendered":"[vc_row type=&#8221;in_container&#8221; full_screen_row_position=&#8221;middle&#8221; column_margin=&#8221;default&#8221; column_direction=&#8221;default&#8221; column_direction_tablet=&#8221;default&#8221; column_direction_phone=&#8221;default&#8221; scene_position=&#8221;center&#8221; text_color=&#8221;dark&#8221; text_align=&#8221;left&#8221; row_border_radius=&#8221;none&#8221; row_border_radius_applies=&#8221;bg&#8221; overlay_strength=&#8221;0.3&#8243; gradient_direction=&#8221;left_to_right&#8221; shape_divider_position=&#8221;bottom&#8221; bg_image_animation=&#8221;none&#8221;][vc_column column_padding=&#8221;no-extra-padding&#8221; column_padding_tablet=&#8221;inherit&#8221; column_padding_phone=&#8221;inherit&#8221; column_padding_position=&#8221;all&#8221; column_element_spacing=&#8221;default&#8221; background_color_opacity=&#8221;1&#8243; background_hover_color_opacity=&#8221;1&#8243; column_shadow=&#8221;none&#8221; column_border_radius=&#8221;none&#8221; column_link_target=&#8221;_self&#8221; gradient_direction=&#8221;left_to_right&#8221; overlay_strength=&#8221;0.3&#8243; width=&#8221;1\/1&#8243; tablet_width_inherit=&#8221;default&#8221; tablet_text_alignment=&#8221;default&#8221; phone_text_alignment=&#8221;default&#8221; bg_image_animation=&#8221;none&#8221; border_type=&#8221;simple&#8221; column_border_width=&#8221;none&#8221; column_border_style=&#8221;solid&#8221;][vc_raw_html]JTNDaDIlM0VEaWFncmFtYXMlMjBkZSUyMGdydXBvcyUyMHNhbmd1JUMzJUFEbmVvcyUzQyUyRmgyJTNF[\/vc_raw_html][\/vc_column][\/vc_row][vc_row type=&#8221;in_container&#8221; full_screen_row_position=&#8221;middle&#8221; column_margin=&#8221;default&#8221; column_direction=&#8221;default&#8221; column_direction_tablet=&#8221;default&#8221; column_direction_phone=&#8221;default&#8221; scene_position=&#8221;center&#8221; text_color=&#8221;dark&#8221; text_align=&#8221;left&#8221; row_border_radius=&#8221;none&#8221; row_border_radius_applies=&#8221;bg&#8221; overlay_strength=&#8221;0.3&#8243; gradient_direction=&#8221;left_to_right&#8221; shape_divider_position=&#8221;bottom&#8221; bg_image_animation=&#8221;none&#8221;][vc_column column_padding=&#8221;no-extra-padding&#8221; column_padding_tablet=&#8221;inherit&#8221; column_padding_phone=&#8221;inherit&#8221; column_padding_position=&#8221;all&#8221; column_element_spacing=&#8221;default&#8221; background_color_opacity=&#8221;1&#8243; background_hover_color_opacity=&#8221;1&#8243; column_shadow=&#8221;none&#8221; column_border_radius=&#8221;none&#8221; column_link_target=&#8221;_self&#8221; gradient_direction=&#8221;left_to_right&#8221; overlay_strength=&#8221;0.3&#8243; width=&#8221;1\/2&#8243; tablet_width_inherit=&#8221;default&#8221; tablet_text_alignment=&#8221;default&#8221; phone_text_alignment=&#8221;default&#8221; bg_image_animation=&#8221;none&#8221; border_type=&#8221;simple&#8221; column_border_width=&#8221;none&#8221; column_border_style=&#8221;solid&#8221;][vc_column_text]\n<p class=\"p1\"><b>A distribui\u00e7\u00e3o do grupo sangu\u00edneo dos nossos membros:<\/b><\/p>\n<div class=\"xdata-left\" style=\"display:inline-block; width:250px;vertical-align:top;\">\n  <canvas id=\"can\" width=\"200\" height=\"200\" ><\/canvas>\n<\/div>\n\n  <script>\nvar canvas = document.getElementById(\"can\");\nvar ctx = canvas.getContext(\"2d\");\nvar lastend = 0;\nvar data = [34,30,12,9,7,4,3,1,1];\nvar myTotal = 0;\nvar myColor = ['#ffcccc','#b30000','#ffb3b3','#e60000','#ff0000','#800000','#ff3333','#ff6666',''];\nvar labels = ['0+','A+','0-','B+','A-','AB+','B-','AB-',''];\n\nfor(var e = 0; e < data.length; e++)\n{\n  myTotal += data[e];\n}\n\n\/\/ make the chart 10 px smaller to fit on canvas\nvar off = 10\nvar w = (canvas.width - off) \/ 2\nvar h = (canvas.height - off) \/ 2\nfor (var i = 0; i < data.length; i++) {\n  ctx.fillStyle = myColor[i];\n  ctx.strokeStyle ='white';\n  ctx.lineWidth = 2;\n  ctx.beginPath();\n  ctx.moveTo(w,h);\n  var len =  (data[i]\/myTotal) * 2 * Math.PI\n  var r = h - off \/ 2\n  ctx.arc(w , h, r, lastend,lastend + len,false);\n  ctx.lineTo(w,h);\n  ctx.fill();\n  ctx.stroke();\n  ctx.fillStyle ='white';\n  ctx.font = \"20px Arial\";\n  ctx.textAlign = \"center\";\n  ctx.textBaseline = \"middle\";\n  var mid = lastend + len \/ 2\n  ctx.fillText(labels[i],w + Math.cos(mid) * (r\/2) , h + Math.sin(mid) * (r\/2));\n  lastend += Math.PI*2*(data[i]\/myTotal);\n}\n<\/script>\n\n<div class=\"xdata-right\" style=\"display:inline-block; width:250px;vertical-align:top;\">\n<table>\n<tr><td>0+<\/td><td>34%<\/td><td><span style=\"color:#ffcccc\">\u25a0<\/span><\/td><\/tr><tr><td>A+<\/td><td>30%<\/td><td><span style=\"color:#b30000\">\u25a0<\/span><\/td><\/tr><tr><td>0-<\/td><td>12%<\/td><td><span style=\"color:#ffb3b3\">\u25a0<\/span><\/td><\/tr><tr><td>B+<\/td><td>9%<\/td><td><span style=\"color:#e60000\">\u25a0<\/span><\/td><\/tr><tr><td>A-<\/td><td>7%<\/td><td><span style=\"color:#ff0000\">\u25a0<\/span><\/td><\/tr><tr><td>AB+<\/td><td>4%<\/td><td><span style=\"color:#800000\">\u25a0<\/span><\/td><\/tr><tr><td>B-<\/td><td>3%<\/td><td><span style=\"color:#ff3333\">\u25a0<\/span><\/td><\/tr><tr><td>AB-<\/td><td>1%<\/td><td><span style=\"color:#ff6666\">\u25a0<\/span><\/td><\/tr><tr><td><\/td><td>1%<\/td><td><span style=\"color:\">\u25a0<\/span><\/td><\/tr><\/table>\n<\/div>\n[\/vc_column_text][\/vc_column][vc_column column_padding=&#8221;no-extra-padding&#8221; column_padding_tablet=&#8221;inherit&#8221; column_padding_phone=&#8221;inherit&#8221; column_padding_position=&#8221;all&#8221; column_element_spacing=&#8221;default&#8221; background_color_opacity=&#8221;1&#8243; background_hover_color_opacity=&#8221;1&#8243; column_shadow=&#8221;none&#8221; column_border_radius=&#8221;none&#8221; column_link_target=&#8221;_self&#8221; gradient_direction=&#8221;left_to_right&#8221; overlay_strength=&#8221;0.3&#8243; width=&#8221;1\/2&#8243; tablet_width_inherit=&#8221;default&#8221; tablet_text_alignment=&#8221;default&#8221; phone_text_alignment=&#8221;default&#8221; bg_image_animation=&#8221;none&#8221; border_type=&#8221;simple&#8221; column_border_width=&#8221;none&#8221; column_border_style=&#8221;solid&#8221;][vc_column_text]\n<h4>Uma anima\u00e7\u00e3o interativa sobre qual sangue pode ser doado para quem:<\/h4>\n\n\n\n<div id=\"blood-content\">\n  <div id=\"blood_selector\">\n    <div>O\u2212<\/div>\n    <div>O+<\/div>\n    <div>A\u2212<\/div>\n    <div>A+<\/div>\n    <div>B\u2212<\/div>\n    <div>B+<\/div>\n    <div>AB\u2212<\/div>\n    <div>AB+<\/div>\n  <\/div>\n  <div id=\"blood_blood-content\">\n    <div class=\"bar\"><\/div>\n    <div class=\"main_bag\">\n      <div class=\"blood\"><\/div>\n    <\/div>\n  <\/div>\n  <div id=\"center_via_c\">\n    <div class=\"center_via\">\n      <div class=\"blood_via\"><\/div>\n    <\/div>\n  <\/div>\n  <div id=\"humans\">\n    <div class=\"human left\">\n      <div class=\"scribble\"><span class=\"blood_type\">O\u2212<\/span>\n        <div class=\"head\"><\/div>\n        <div class=\"body\"><\/div>\n      <\/div>\n      <div class=\"via\"><\/div>\n      <div class=\"blood_via\"><\/div>\n    <\/div>\n    <div class=\"human right\">\n      <div class=\"scribble\"><span class=\"blood_type\">O+<\/span>\n        <div class=\"head\"><\/div>\n        <div class=\"body\"><\/div>\n      <\/div>\n      <div class=\"via\"><\/div>\n      <div class=\"blood_via\"><\/div>\n    <\/div>\n    <div class=\"human left\">\n      <div class=\"scribble\"><span class=\"blood_type\">A\u2212<\/span>\n        <div class=\"head\"><\/div>\n        <div class=\"body\"><\/div>\n      <\/div>\n      <div class=\"via\"><\/div>\n      <div class=\"blood_via\"><\/div>\n    <\/div>\n    <div class=\"human right\">\n      <div class=\"scribble\"><span class=\"blood_type\">A+<\/span>\n        <div class=\"head\"><\/div>\n        <div class=\"body\"><\/div>\n      <\/div>\n      <div class=\"via\"><\/div>\n      <div class=\"blood_via\"><\/div>\n    <\/div>\n    <div class=\"human left\">\n      <div class=\"scribble\"><span class=\"blood_type\">B\u2212<\/span>\n        <div class=\"head\"><\/div>\n        <div class=\"body\"><\/div>\n      <\/div>\n      <div class=\"via\"><\/div>\n      <div class=\"blood_via\"><\/div>\n    <\/div>\n    <div class=\"human right\">\n      <div class=\"scribble\"><span class=\"blood_type\">B+<\/span>\n        <div class=\"head\"><\/div>\n        <div class=\"body\"><\/div>\n      <\/div>\n      <div class=\"via\"><\/div>\n      <div class=\"blood_via\"><\/div>\n    <\/div>\n    <div class=\"human left\">\n      <div class=\"scribble\"><span class=\"blood_type\">AB\u2212<\/span>\n        <div class=\"head\"><\/div>\n        <div class=\"body\"><\/div>\n      <\/div>\n      <div class=\"via\"><\/div>\n      <div class=\"blood_via\"><\/div>\n    <\/div>\n    <div class=\"human right\">\n      <div class=\"scribble\"><span class=\"blood_type\">AB+<\/span>\n        <div class=\"head\"><\/div>\n        <div class=\"body\"><\/div>\n      <\/div>\n      <div class=\"via\"><\/div>\n      <div class=\"blood_via\"><\/div>\n    <\/div>\n  <\/div>\n<\/div>\n<style>\n\n#blood-content {\n  width: 600px;\n  height: 600px;\n}\n\nh3 {\n  position: absolute;\n  top: 0px;\n  left: 0px;\n}\n\n#blood_selector {\n  display: grid;\n  grid-template-columns: repeat(4, 1fr);\n  grid-template-rows: 1fr 1fr;\n  grid-gap: 5px;\n  width: 200px;\n  height: 100px;\n  position: absolute;\n  left: 10px;\n  top: 45px;\n\n  z-index: 2;\n}\n#blood_selector div {\n  -webkit-user-select: none;\n     -moz-user-select: none;\n      -ms-user-select: none;\n          user-select: none;\n  display: flex;\n  align-items: center;\n  justify-blood-content: center;\n  background-color: #f7f7f7;\n  border: 1px solid #b51e23;\n  border-radius: 25%;\n  padding: 7px;\n}\n#blood_selector div:hover {\n  border: 1px solid #1da1f2;\n  font-weight: bold;\n  cursor: pointer;\n}\n\n#blood_blood-content {\n  position: absolute;\n  top: 50px;\n  width: 100%;\n  height: 100%;\n\ttop: 63px;\n}\n\n#center_via_c {\n  position: absolute;\n  z-index: 1;\n  width: 100%;\n  height: 100%;\n\ttop:63px;\n}\n#center_via_c .center_via {\n  width: 8px;\n  background: #ccc;\n  height: 200px;\n  position: absolute;\n  left: 304px;\n  top: 212px;\n}\n#center_via_c .blood_via {\n  height: 0;\n  background-color: #b51e23;\n  right: 50%;\n  width: 8px;\n  transition: height 0.25s;\n}\n\n.bar {\n  position: fixed;\n  right: 0;\n  top: 55px;\n  width: 55%;\n  height: 8px;\n  border-radius: 2px 0 0 2px;\n  background-color: #ccc;\n}\n\n.main_bag {\n  position: absolute;\n  width: 100px;\n  height: 140px;\n  top: 70px;\n  left: 250px;\n  border-radius: 30px;\n  opacity: 0.8;\n  background-color: rgba(154, 207, 234, 0.9);\n  border: 8px solid rgba(154, 207, 234, 0.9);\n}\n.main_bag .blood {\n  position: absolute;\n  left: 0;\n  bottom: 0;\n  width: 100%;\n  height: 100px;\n  background-color: #b51e23;\n  border-radius: 0 0 35px 35px;\n  transition: height 1s;\n}\n.main_bag .blood::before {\n  blood-content: \"\";\n  position: absolute;\n  top: -6px;\n  width: 100%;\n  height: 10px;\n  background-color: #92191b;\n  border-radius: 100%;\n}\n.main_bag::before {\n  blood-content: \"\";\n  position: absolute;\n  top: -118px;\n  left: 45%;\n  width: 10%;\n  height: 110px;\n  background-color: #ccc;\n}\n\n#humans {\n  position: absolute;\n  top: 276px;\n  width: 400px;\n  height: 200px;\n  left: 108px;\n  display: grid;\n  grid-template-columns: 1fr 1fr;\n  grid-template-rows: repeat(4, 1fr);\n}\n#humans .human {\n  position: relative;\n}\n#humans .human .via {\n  position: absolute;\n  text-align: right;\n  width: 100%;\n  height: 8px;\n  background-color: #ccc;\n  bottom: 0;\n}\n#humans .human .blood_via {\n  position: absolute;\n  height: 8px;\n  background-color: #b51e23;\n  width: 0;\n  bottom: 0;\n  transition: width 1s;\n}\n#humans .human.left {\n  display: grid;\n  justify-blood-content: left;\n  align-blood-content: center;\n}\n#humans .human.left .blood_via {\n  right: 0;\n}\n#humans .human.left .scribble {\n  left: -30px;\n}\n#humans .human.left .scribble span {\n  left: -40px;\n  text-align: right;\n}\n#humans .human.right {\n  display: grid;\n  justify-blood-content: right;\n  align-blood-content: center;\n}\n#humans .human.right .scribble {\n  right: -60px;\n}\n#humans .human.right .scribble span {\n  right: -10px;\n}\n#humans .human .scribble {\n  position: absolute;\n  height: 50px;\n  width: 50px;\n  top: 0;\n  transition: background 1s;\n}\n#humans .human .scribble span {\n  position: absolute;\n  display: grid;\n  align-items: end;\n  height: 100%;\n}\n#humans .human .scribble .head {\n  width: 30%;\n  height: 30%;\n  background-color: #666;\n  border-radius: 50%;\n  margin: 2px auto;\n  transition: background 1s;\n  position: absolute;\n  top: 30%;\n  left: 5%;\n}\n#humans .human .scribble .body {\n  position: absolute;\n  bottom: 0;\n  width: 40%;\n  height: 30%;\n  background-color: #666;\n  border-radius: 50% 50% 0 0;\n  margin: 0 auto;\n  transition: background 1s;\n}\n\n.no_transition {\n  transition: none !important;\n}\n\n.highlight {\n  border: 2px solid #b51e23 !important;\n  font-weight: bold;\n}\n\n.highlightText {\n  font-weight: bold;\n}\n\n@media only screen and (max-width: 400px) {\n  #blood-content {\n    position: relative;\n    margin: 25px auto;\n    width: 300px;\n    height: 300px;\n  }\n  #blood-content h3 {\n    top: 10px;\n    font-size: 1em;\n  }\n  #blood-content #blood_selector {\n    width: 150px;\n    height: 75px;\n    font-size: 0.75em;\n    top: 45px;\n  }\n  #blood-content .bar {\n    top: 40px;\n  }\n  #blood-content .main_bag {\n    width: 75px;\n    height: 105px;\n    left: 125px;\n  }\n  #blood-content .main_bag::before {\n    top: -108px;\n    height: 100px;\n  }\n  #blood-content .main_bag .blood {\n    height: 70%;\n  }\n  #blood-content #center_via_c .center_via {\n    left: 167px;\n    top: 212px;\n  }\n  #blood-content #humans {\n    top: 240px;\n    width: 180px;\n    left: 85px;\n  }\n}\n<\/style>\n<script>\nconst humans_parent = document.getElementById(\"humans\");\nconst BLOOD_TYPES = {\n  \"O\u2212\": [\"O\u2212\", \"O+\", \"A\u2212\", \"A+\", \"B\u2212\", \"B+\", \"AB\u2212\", \"AB+\"],\n  \"O+\": [\"O+\", \"A+\", \"B+\", \"AB+\"],\n  \"A\u2212\": [\"A\u2212\", \"A+\", \"AB\u2212\", \"AB+\"],\n  \"A+\": [\"A+\", \"AB+\"],\n  \"B\u2212\": [\"B\u2212\", \"B+\", \"AB\u2212\", \"AB+\"],\n  \"B+\": [\"B+\", \"AB+\"],\n  \"AB\u2212\": [\"AB\u2212\", \"AB+\"],\n  \"AB+\": [\"AB+\"]\n};\nconst reset_button = document.getElementById(\"reset\");\nconst selector = document.getElementById(\"blood_selector\");\nconst blood_vias = document.querySelectorAll(\"#humans .human .blood_via\");\nconst blood_bag = document.querySelector(\"#blood_blood-content > div.main_bag > div\");\nconst center_via = document.querySelector(\".center_via > .blood_via\");\nconst blood_types = document.querySelectorAll(\".blood_type\");\nlet lastCalled;\naddListeners();\n\nfunction callIfChildren(e) {\n  if (lastCalled) change();\n  if (e.target !== this) setRecipents(e);\n}\n\nfunction addListeners() {\n  selector.addEventListener(\"click\", callIfChildren);\n  reset.addEventListener(\"click\", reset);\n}\n\nfunction reset() {\n  change();\n  blood_bag.style.height = \"100px\";\n  center_via.style.height = \"0px\";\n}\n\nfunction change() {\n  lastCalled.target.classList.remove(\"highlight\");\n\n  for (let i = 0; i < blood_vias.length; i++) {\n    blood_vias[i].style.width = \"0px\";\n    blood_types[i].classList.remove(\"highlightText\");\n  }\n}\n\nfunction timeout(ms) {\n  return new Promise((resolve) => setTimeout(resolve, ms));\n}\n\nasync function setRecipents(e) {\n  e.target.classList.add(\"highlight\");\n  lastCalled = e;\n\n  const donor = e.target.innerText;\n  for (let item of BLOOD_TYPES[donor]) {\n    const recipent_index = Object.keys(BLOOD_TYPES).indexOf(item);\n    const height = 50 + 50 * Math.floor(recipent_index \/ 2);\n    const blood_height = 125 - 25 * Math.floor(recipent_index \/ 2);\n    blood_bag.style.height = `${blood_height}px`;\n    center_via.style.height = `${height}px`;\n\n    await timeout(100);\n    blood_vias[recipent_index].style.width = \"100%\";\n    blood_types[recipent_index].classList.add(\"highlightText\");\n  }\n}\n\n<\/script>\n[\/vc_column_text][\/vc_column][\/vc_row][vc_row type=&#8221;in_container&#8221; full_screen_row_position=&#8221;middle&#8221; column_margin=&#8221;default&#8221; column_direction=&#8221;default&#8221; column_direction_tablet=&#8221;default&#8221; column_direction_phone=&#8221;default&#8221; scene_position=&#8221;center&#8221; text_color=&#8221;dark&#8221; text_align=&#8221;left&#8221; row_border_radius=&#8221;none&#8221; row_border_radius_applies=&#8221;bg&#8221; overlay_strength=&#8221;0.3&#8243; gradient_direction=&#8221;left_to_right&#8221; shape_divider_position=&#8221;bottom&#8221; bg_image_animation=&#8221;none&#8221;][vc_column column_padding=&#8221;no-extra-padding&#8221; column_padding_tablet=&#8221;inherit&#8221; column_padding_phone=&#8221;inherit&#8221; column_padding_position=&#8221;all&#8221; column_element_spacing=&#8221;default&#8221; background_color_opacity=&#8221;1&#8243; background_hover_color_opacity=&#8221;1&#8243; column_shadow=&#8221;none&#8221; column_border_radius=&#8221;none&#8221; column_link_target=&#8221;_self&#8221; gradient_direction=&#8221;left_to_right&#8221; overlay_strength=&#8221;0.3&#8243; width=&#8221;1\/1&#8243; tablet_width_inherit=&#8221;default&#8221; tablet_text_alignment=&#8221;default&#8221; phone_text_alignment=&#8221;default&#8221; bg_image_animation=&#8221;none&#8221; border_type=&#8221;simple&#8221; column_border_width=&#8221;none&#8221; column_border_style=&#8221;solid&#8221;][vc_column_text]Um gr\u00e1fico adicional sobre compatibilidade de tipos sangu\u00edneos pode ser encontrado aqui:<\/p>\n<p><a href=\"https:\/\/safeblood.pt\/pt-pt\/ufaq\/qual-o-tipo-de-sangue-compativel-com-o-meu\/\" target=\"_blank\" rel=\"noopener\">https:\/\/safeblood.pt\/pt-pt\/ufaq\/qual-o-tipo-de-sangue-compativel-com-o-meu\/<\/a>[\/vc_column_text][\/vc_column][\/vc_row]\n","protected":false},"excerpt":{"rendered":"<p>[vc_row type=&#8221;in_container&#8221; full_screen_row_position=&#8221;middle&#8221; column_margin=&#8221;default&#8221; column_direction=&#8221;default&#8221; column_direction_tablet=&#8221;default&#8221; column_direction_phone=&#8221;default&#8221; scene_position=&#8221;center&#8221; text_color=&#8221;dark&#8221; text_align=&#8221;left&#8221; row_border_radius=&#8221;none&#8221; row_border_radius_applies=&#8221;bg&#8221; overlay_strength=&#8221;0.3&#8243; gradient_direction=&#8221;left_to_right&#8221; shape_divider_position=&#8221;bottom&#8221; bg_image_animation=&#8221;none&#8221;][vc_column column_padding=&#8221;no-extra-padding&#8221; column_padding_tablet=&#8221;inherit&#8221; column_padding_phone=&#8221;inherit&#8221; column_padding_position=&#8221;all&#8221; column_element_spacing=&#8221;default&#8221; background_color_opacity=&#8221;1&#8243; background_hover_color_opacity=&#8221;1&#8243; column_shadow=&#8221;none&#8221; column_border_radius=&#8221;none&#8221; column_link_target=&#8221;_self&#8221; gradient_direction=&#8221;left_to_right&#8221; overlay_strength=&#8221;0.3&#8243; width=&#8221;1\/1&#8243; tablet_width_inherit=&#8221;default&#8221;&#8230;<\/p>\n","protected":false},"author":2,"featured_media":0,"parent":0,"menu_order":0,"comment_status":"closed","ping_status":"closed","template":"","meta":[],"_links":{"self":[{"href":"https:\/\/safeblood.it\/pt-pt\/wp-json\/wp\/v2\/pages\/71525"}],"collection":[{"href":"https:\/\/safeblood.it\/pt-pt\/wp-json\/wp\/v2\/pages"}],"about":[{"href":"https:\/\/safeblood.it\/pt-pt\/wp-json\/wp\/v2\/types\/page"}],"author":[{"embeddable":true,"href":"https:\/\/safeblood.it\/pt-pt\/wp-json\/wp\/v2\/users\/2"}],"replies":[{"embeddable":true,"href":"https:\/\/safeblood.it\/pt-pt\/wp-json\/wp\/v2\/comments?post=71525"}],"version-history":[{"count":4,"href":"https:\/\/safeblood.it\/pt-pt\/wp-json\/wp\/v2\/pages\/71525\/revisions"}],"predecessor-version":[{"id":72118,"href":"https:\/\/safeblood.it\/pt-pt\/wp-json\/wp\/v2\/pages\/71525\/revisions\/72118"}],"wp:attachment":[{"href":"https:\/\/safeblood.it\/pt-pt\/wp-json\/wp\/v2\/media?parent=71525"}],"curies":[{"name":"wp","href":"https:\/\/api.w.org\/{rel}","templated":true}]}}