{"id":74473,"date":"2024-03-06T11:50:00","date_gmt":"2024-03-06T10:50:00","guid":{"rendered":"https:\/\/safeblood.it\/?page_id=74473"},"modified":"2025-05-10T19:15:15","modified_gmt":"2025-05-10T17:15:15","slug":"modifier-lordonnance-du-patient","status":"publish","type":"page","link":"https:\/\/safeblood.it\/fr\/modifier-lordonnance-du-patient\/","title":{"rendered":"Modifier l&rsquo;ordonnance du patient"},"content":{"rendered":"[vc_row type=\u00a0\u00bbin_container\u00a0\u00bb full_screen_row_position=\u00a0\u00bbmiddle\u00a0\u00bb column_margin=\u00a0\u00bbdefault\u00a0\u00bb column_direction=\u00a0\u00bbdefault\u00a0\u00bb column_direction_tablet=\u00a0\u00bbdefault\u00a0\u00bb column_direction_phone=\u00a0\u00bbdefault\u00a0\u00bb scene_position=\u00a0\u00bbcenter\u00a0\u00bb text_color=\u00a0\u00bbdark\u00a0\u00bb text_align=\u00a0\u00bbleft\u00a0\u00bb row_border_radius=\u00a0\u00bbnone\u00a0\u00bb row_border_radius_applies=\u00a0\u00bbbg\u00a0\u00bb overlay_strength=\u00a0\u00bb0.3&Prime; gradient_direction=\u00a0\u00bbleft_to_right\u00a0\u00bb shape_divider_position=\u00a0\u00bbbottom\u00a0\u00bb bg_image_animation=\u00a0\u00bbnone\u00a0\u00bb][vc_column column_padding=\u00a0\u00bbno-extra-padding\u00a0\u00bb column_padding_tablet=\u00a0\u00bbinherit\u00a0\u00bb column_padding_phone=\u00a0\u00bbinherit\u00a0\u00bb column_padding_position=\u00a0\u00bball\u00a0\u00bb column_element_spacing=\u00a0\u00bbdefault\u00a0\u00bb background_color_opacity=\u00a0\u00bb1&Prime; background_hover_color_opacity=\u00a0\u00bb1&Prime; column_shadow=\u00a0\u00bbnone\u00a0\u00bb column_border_radius=\u00a0\u00bbnone\u00a0\u00bb column_link_target=\u00a0\u00bb_self\u00a0\u00bb gradient_direction=\u00a0\u00bbleft_to_right\u00a0\u00bb overlay_strength=\u00a0\u00bb0.3&Prime; width=\u00a0\u00bb1\/1&Prime; tablet_width_inherit=\u00a0\u00bbdefault\u00a0\u00bb tablet_text_alignment=\u00a0\u00bbdefault\u00a0\u00bb phone_text_alignment=\u00a0\u00bbdefault\u00a0\u00bb bg_image_animation=\u00a0\u00bbnone\u00a0\u00bb border_type=\u00a0\u00bbsimple\u00a0\u00bb column_border_width=\u00a0\u00bbnone\u00a0\u00bb column_border_style=\u00a0\u00bbsolid\u00a0\u00bb][vc_column_text]\n<p class=\"western\"><strong>Sur cette page, vous pouvez personnaliser votre testament de vie.<\/strong><\/p>\n<p class=\"western\"><strong>La premi\u00e8re partie<\/strong> : Les \u00a0\u00bb Personnes responsables des donn\u00e9es personnelles \u00a0\u00bb et \u00a0\u00bb Personnes responsables des donn\u00e9es m\u00e9dicales \u00a0\u00bb proviennent directement de la base de donn\u00e9es et <strong>ne peuvent pas \u00eatre modifi\u00e9es ici<\/strong>, mais seulement dans votre espace membre sous <a href=\"https:\/\/safeblood.net\/fr\/profil-voir-et-modifier-2\/\" target=\"_blank\" rel=\"noopener\">safeblood.net\/fr\/profil-voir-et-modifier-2<\/a> (ou avec votre code de pays) o\u00f9 vous cliquez sur \u00a0\u00bb modifier \u00ab\u00a0.<\/p>\n<p class=\"western\"><span style=\"color: #000000;\"><span style=\"font-family: Roboto, serif;\"><span style=\"font-size: large;\"><strong>La deuxi\u00e8me partie :<\/strong> Dans la zone de texte, le <strong>texte actuel<\/strong> de votre testament de vie est donn\u00e9 \u00e0 titre d&rsquo;exemple. <strong>Vous pouvez le modifier \u00e0 votre guise<\/strong>. Dans tous les cas, <strong>vous devez compl\u00e9ter les points<\/strong> o\u00f9 il y a un \u00ab\u00a0&#8230;..\u00a0\u00bb. Derri\u00e8re le \u00ab\u00a0&#8230;..\u00a0\u00bb, il est expliqu\u00e9 dans chaque cas ce que vous devez mettre \u00e0 la place des points<\/span><\/span><\/span><em><span style=\"color: #000000;\"><span style=\"font-family: Roboto, serif;\"><span style=\"font-size: large;\">(par exemple \u00ab\u00a0pr\u00e9nom + nom\u00a0\u00bb)<\/span><\/span><\/span><\/em><span style=\"color: #000000;\"><span style=\"font-family: Roboto, serif;\"><span style=\"font-size: large;\">. Vous pouvez ensuite supprimer ce texte d&rsquo;explication oblique.<\/span><\/span><\/span><\/p>\n<p class=\"western\"><strong>Si vous n&rsquo;avez pas ou ne voulez pas de \u00ab\u00a0personne de confiance\u00a0\u00bb, supprimez tout ce qui s&rsquo;y rapporte.<\/strong><\/p>\n<p class=\"western\"><strong>Si votre personne de confiance n&rsquo;a pas le m\u00eame groupe sanguin que vous, vous devez modifier ce passage ici dans le texte ou supprimer tout le passage.<\/strong><\/p>\n<p class=\"western\"><strong>Tr\u00e8s important :<\/strong> lorsque vous avez personnalis\u00e9 votre testament de vie, <strong>sauvegardez-le<\/strong> en appuyant sur le <strong>bouton rouge \u00ab\u00a0Enregistrer les modifications\u00a0\u00bb<\/strong> &#8211; si vous ne le faites pas, tout reviendra au texte d&rsquo;origine.<\/p>\n<p><strong>Apr\u00e8s<\/strong> avoir sauvegard\u00e9 vos modifications, vous pouvez encore <strong>t\u00e9l\u00e9charger une signature scann\u00e9e<\/strong>. Pour ce faire, s\u00e9lectionnez le fichier qui contient votre signature (Choose file) et appuyez sur \u00ab T\u00e9l\u00e9charger la signature\u00bb. Apr\u00e8s avoir vu le message \u00ab Signature t\u00e9l\u00e9charg\u00e9e avec succ\u00e8s \u00bb, vos directives anticip\u00e9es sont \u00e0 jour.<br \/>\nSi vous n&rsquo;avez pas encore de signature scann\u00e9e, faites-en une sur papier blanc et photographiez-la ou scannez-la avant de pouvoir la t\u00e9l\u00e9charger.<br \/>\n(Veuillez ne pas t\u00e9l\u00e9charger la signature sous \u00ab T\u00e9l\u00e9charger la carte d&rsquo;identit\u00e9 \u00bb. Si vous voyez cette possibilit\u00e9, vous \u00eates sur la mauvaise page).<\/p>\n<p>Nous vous recommandons <strong>d&rsquo;imprimer les directives anticip\u00e9es<\/strong> \u00e0 la fin et de les signer encore \u00e0 la main, afin de pouvoir fournir la version imprim\u00e9e au cas o\u00f9 elle serait demand\u00e9e.<\/p>\n<h1>DIRECTIVES ANTICIP\u00c9ES<\/h1><div class=\"patient_directive_table\"><div class=\"row\"><div class=\"col-full\">Personne disposant des donn\u00e9es personnelles:<\/div><\/div><div class=\"row\"><div class=\"col-title\">SafeBlood Donation Num\u00e9ro de membre:<\/div><div class=\"col-data\"><\/div><\/div><div class=\"row\"><div class=\"col-title\">SafeBlood Lien donn\u00e9es personnelles:<\/div><div class=\"col-data\">https:\/\/sbl.onl\/-<\/div><\/div><div class=\"row\"><div class=\"col-title\">Pr\u00e9nom, Nom de famille:<\/div><div class=\"col-data\"> <\/div><\/div><div class=\"row\"><div class=\"col-title\">Date de naissance :<\/div><div class=\"col-data\">01.01.1970<\/div><\/div><div class=\"row\"><div style=\"vertical-align:top;\" class=\"col-title\">Adresse postale:<\/div><div class=\"col-data\"> <br> <\/div><\/div><div class=\"row\"><div class=\"col-title\">Pays:<\/div><div class=\"col-data\"><\/div><\/div><div class=\"row\"><div class=\"col-title\">Mobile :<\/div><div class=\"col-data\"><\/div><\/div><div class=\"row\"><div class=\"col-title\">E-mail :<\/div><div class=\"col-data\"><\/div><\/div><div class=\"row\"><\/div><div class=\"row\"><div class=\"col-full\">Personne disposant de donn\u00e9es m\u00e9dicales:<\/div><\/div><div class=\"row\"><div class=\"col-title\">Groupe sanguin:<\/div><div class=\"col-data\"><\/div><\/div><div class=\"row\"><div class=\"col-title\">Groupe sanguin RH Kell :<\/div><div class=\"col-data\"><\/div><\/div><div class=\"row\"><div class=\"col-title\">Anticorps :<\/div><div class=\"col-data\"><\/div><\/div><div class=\"row\"><div class=\"col-title\">Statut vaccinal Covid :<\/div><div class=\"col-data\"><\/div><\/div><div class=\"row\"><div class=\"col-title\">Informations d'urgence:<\/div><div class=\"col-data\"><\/div><\/div><\/div><br><br><br><br><p><form  name=\"edit_patient_directive\" method=\"POST\"><div id=\"wp-long_patient_directive-wrap\" class=\"wp-core-ui wp-editor-wrap tmce-active\"><link rel='stylesheet' id='dashicons-css'  href='https:\/\/safeblood.it\/wp-includes\/css\/dashicons.min.css?ver=6.0.3' type='text\/css' media='all' \/>\n<link rel='stylesheet' id='editor-buttons-css'  href='https:\/\/safeblood.it\/wp-includes\/css\/editor.min.css?ver=6.0.3' type='text\/css' media='all' \/>\n<div id=\"wp-long_patient_directive-editor-container\" class=\"wp-editor-container\"><textarea class=\"wp-editor-area\" rows=\"10\" autocomplete=\"off\" cols=\"40\" name=\"long_patient_directive\" id=\"long_patient_directive\">&lt;h3&gt;Verf\u00fcgende und vertretungsberechtigte Person&lt;\/h3&gt;\r\nIch, ... &lt;em&gt;(Vorname + Name)&lt;\/em&gt;, ernenne folgende vertretungsberechtigte Person, die im Falle meiner Urteilsunfa\u0308higkeit mit der behandelnden \u00c4rztin oder dem behandelnden Arzt die medizinischen Massnahmen besprechen und in meinem Namen entscheiden soll.\r\n&lt;h3&gt;Vertretungsberechtigte Vertrauensperson&lt;\/h3&gt;\r\n... &lt;em&gt;(Name, Adresse, Email + Tel.)&lt;\/em&gt;\r\nEs besteht ein besonderes Vertrauensverh\u00e4ltnis, kein Interessenkonflikt, die Person ist in der Lage, meine Werte und Haltungen auch in Ernstsituationen durchzusetzen. Sie vertritt mich zu 100% bei jeder Entscheidung.\r\n&lt;h3&gt;Medizinische Behandlungen in einer Notfallsituation:&lt;\/h3&gt;\r\nDurchgef\u00fchrt werden d\u00fcrfen und sollen s\u00e4mtliche auf der Intensivstation in Notfallsituationen normalerweise angewendeten Massnahmen, in Absprache mit der von mir genannten vertretungsberechtigten Person, mit folgenden Ausnahmen:\r\n\r\n&lt;strong&gt;Keine maschinelle Intubation.&lt;\/strong&gt;\r\n\r\n&lt;strong&gt;Keine Verwendung von Blutkonserven, &lt;\/strong&gt;es sei denn, sie tragen das Attribut \"nur f\u00fcr Safeblood-Mitglieder verwenden\". Im Notfall will ich aus pers\u00f6nlichen Gr\u00fcnden Blut ausschlie\u00dflich von meiner oben genannten Vertrauensperson gespendet bekommen - sie hat eine kompatible Blutgruppe. Ich akzeptiere ihr Blut im Notfall auch als Direkttransfusion ohne jegliche Aufbereitung. Meine Vertrauensperson ist bei jedem terminierten Eingriff pers\u00f6nlich anwesend und kann daher unmittelbar als Blutspender dienen. Ist sie ausnahmsweise direkt nicht verf\u00fcgbar, bestimmt nur sie, oder die Organisation SafeBlood Donation, einen geeigneten Ersatz - in der Regel die oben erw\u00e4hnte Blutkonserve mit der Bezeichnung \"nur f\u00fcr Safeblood-Mitglieder verwenden\".\r\n&lt;strong&gt;Transfusionen sollen nur bei lebensbedrohlichen Situationen angewendet werden&lt;\/strong&gt;, und erst, wenn der H\u00e4moglobinwert unter 5 g\/dl liegt, und nachdem alle Optionen ausgesch\u00f6pft worden sind, wie Volumenexpander (Kochsalz, Dextran, Haemaccel, Ringer-Laktat-L\u00f6sung. Hydroxy\u00e4thylst\u00e4rke H\u00c4S) oder \u00e4hnliches, und Methoden wie Elektrokauter, Eisenpr\u00e4parate (intramuskul\u00e4r oder intraven\u00f6s), k\u00fcnstlich hergestelltes ESF, &lt;strong&gt;oder und insbesondere&lt;\/strong&gt; Absaugen des Blutes aus der Wunde und R\u00fcckf\u00fchrung in den Kreislauf (Autotransfusion ATS\/MAT oder Re-Transfusion ADR).\r\n\r\nTelefon SafeBlood Donation Switzerland: +41 79 55 99 079\r\n&lt;h3&gt;Organspende&lt;\/h3&gt;\r\nIch m\u00f6chte keine Spenderin sein, au\u00dfer f\u00fcr direkte Verwandte in einer lebensbedrohlichen Situation.\r\n\r\n&amp;nbsp;\r\n\r\n\u2026., \u2026.., .....&lt;em&gt; (Vorname + Name, Ort, Datum)&lt;\/em&gt;\r\n&lt;strong&gt;Digital unterschrieben&lt;\/strong&gt; im Mitgliederbereich von SafeBlood.net\r\n(Das unterschriebene Original\/Papierversion kann auf Verlangen nachgeliefert werden.)\r\n\r\n&amp;nbsp;\r\n\r\n.............................................................................................................\r\n\r\n&lt;em&gt;(Unterschrift f\u00fcr die gedruckte Version)&lt;\/em&gt;<\/textarea><\/div>\n<\/div>\n\n<br><br><input type=\"submit\" name=\"edit\" value=\"Sauvegarder les modifications\" \/> <a href=\"\/fr\/carte-de-membre-et-testament-de-vie\/?id=\"  class=\"nectar-button regular       regular-button \">Retour<\/a> <input type=\"submit\" style=\"background-color:black;\" name=\"preview\" value=\"Voir les directives anticip\u00e9es\" \/><input type=\"hidden\" name=\"code\" value=\"\" \/><input type=\"hidden\" name=\"edit_patient_directive\" value=\"\" \/><\/form><p class=\"signature-error\">Error: User ID is required.<\/p><\/p>\n\t<style>\n\t.patient_directive_table .row {\n\t\twidth: 90%;\n\t}\n\t\n\t.row, div.clear {\n\t\tpadding-bottom: 0;\n\t}\n\t\n\t.patient_directive_table .row:nth-child(2n) {\n\t\tbackground: #f6f7f7;\n\t}\n\t\n\t.patient_directive_table .col-full {\n\t\twidth: 100%;\n\t\tfont-weight: bold;\n\t\tmargin-left:5mm;\n\t}\n\t\n\t.patient_directive_table .col-title {\n\t\twidth: 34%;\n\t\tdisplay: inline-block;\n\t\tvertical-align:top;\n\t\tmargin-left:10mm;\n\t}\n\t\n\t.patient_directive_table .col-data {\n\t\twidth: 58%;\n\t\tdisplay: inline-block;\n\t\tvertical-align:top;\n\t\tpadding-left: 10mm;\n\t}\n\t\n\t@media print  {\n\t\tbody {\n\t\t  margin: 0;\n\t\t  color: #000;\n\t\t  background-color: #fff;\n\t\t}\n\t\n\t\t#footer-outer,.pd-buttons {display: none;}\n\t\t#header-outer {display: block; z-index: 0;}\n\t\n\t}\n\t\n\t.heading-title {display: none;}\n\t<\/style>\n[\/vc_column_text][\/vc_column][\/vc_row]\n","protected":false},"excerpt":{"rendered":"<p>[vc_row type=\u00a0\u00bbin_container\u00a0\u00bb full_screen_row_position=\u00a0\u00bbmiddle\u00a0\u00bb column_margin=\u00a0\u00bbdefault\u00a0\u00bb column_direction=\u00a0\u00bbdefault\u00a0\u00bb column_direction_tablet=\u00a0\u00bbdefault\u00a0\u00bb column_direction_phone=\u00a0\u00bbdefault\u00a0\u00bb scene_position=\u00a0\u00bbcenter\u00a0\u00bb text_color=\u00a0\u00bbdark\u00a0\u00bb text_align=\u00a0\u00bbleft\u00a0\u00bb row_border_radius=\u00a0\u00bbnone\u00a0\u00bb row_border_radius_applies=\u00a0\u00bbbg\u00a0\u00bb overlay_strength=\u00a0\u00bb0.3&Prime; gradient_direction=\u00a0\u00bbleft_to_right\u00a0\u00bb shape_divider_position=\u00a0\u00bbbottom\u00a0\u00bb bg_image_animation=\u00a0\u00bbnone\u00a0\u00bb][vc_column column_padding=\u00a0\u00bbno-extra-padding\u00a0\u00bb column_padding_tablet=\u00a0\u00bbinherit\u00a0\u00bb column_padding_phone=\u00a0\u00bbinherit\u00a0\u00bb column_padding_position=\u00a0\u00bball\u00a0\u00bb column_element_spacing=\u00a0\u00bbdefault\u00a0\u00bb background_color_opacity=\u00a0\u00bb1&Prime; background_hover_color_opacity=\u00a0\u00bb1&Prime; column_shadow=\u00a0\u00bbnone\u00a0\u00bb column_border_radius=\u00a0\u00bbnone\u00a0\u00bb column_link_target=\u00a0\u00bb_self\u00a0\u00bb gradient_direction=\u00a0\u00bbleft_to_right\u00a0\u00bb overlay_strength=\u00a0\u00bb0.3&Prime; width=\u00a0\u00bb1\/1&Prime; tablet_width_inherit=\u00a0\u00bbdefault\u00a0\u00bb&#8230;<\/p>\n","protected":false},"author":2,"featured_media":0,"parent":0,"menu_order":0,"comment_status":"closed","ping_status":"closed","template":"","meta":[],"_links":{"self":[{"href":"https:\/\/safeblood.it\/fr\/wp-json\/wp\/v2\/pages\/74473"}],"collection":[{"href":"https:\/\/safeblood.it\/fr\/wp-json\/wp\/v2\/pages"}],"about":[{"href":"https:\/\/safeblood.it\/fr\/wp-json\/wp\/v2\/types\/page"}],"author":[{"embeddable":true,"href":"https:\/\/safeblood.it\/fr\/wp-json\/wp\/v2\/users\/2"}],"replies":[{"embeddable":true,"href":"https:\/\/safeblood.it\/fr\/wp-json\/wp\/v2\/comments?post=74473"}],"version-history":[{"count":5,"href":"https:\/\/safeblood.it\/fr\/wp-json\/wp\/v2\/pages\/74473\/revisions"}],"predecessor-version":[{"id":79586,"href":"https:\/\/safeblood.it\/fr\/wp-json\/wp\/v2\/pages\/74473\/revisions\/79586"}],"wp:attachment":[{"href":"https:\/\/safeblood.it\/fr\/wp-json\/wp\/v2\/media?parent=74473"}],"curies":[{"name":"wp","href":"https:\/\/api.w.org\/{rel}","templated":true}]}}