{"id":75759,"date":"2024-05-06T12:12:01","date_gmt":"2024-05-06T10:12:01","guid":{"rendered":"https:\/\/safeblood.it\/?page_id=75759"},"modified":"2024-05-06T13:19:30","modified_gmt":"2024-05-06T11:19:30","slug":"tarjeta-de-miembro-y-testamento-vital","status":"publish","type":"page","link":"https:\/\/safeblood.it\/es\/tarjeta-de-miembro-y-testamento-vital\/","title":{"rendered":"Tarjeta de miembro y Testamento vital"},"content":{"rendered":"[vc_row type=\u00bbin_container\u00bb full_screen_row_position=\u00bbmiddle\u00bb column_margin=\u00bbdefault\u00bb column_direction=\u00bbdefault\u00bb column_direction_tablet=\u00bbdefault\u00bb column_direction_phone=\u00bbdefault\u00bb scene_position=\u00bbcenter\u00bb text_color=\u00bbdark\u00bb text_align=\u00bbleft\u00bb row_border_radius=\u00bbnone\u00bb row_border_radius_applies=\u00bbbg\u00bb overlay_strength=\u00bb0.3&#8243; gradient_direction=\u00bbleft_to_right\u00bb shape_divider_position=\u00bbbottom\u00bb bg_image_animation=\u00bbnone\u00bb][vc_column column_padding=\u00bbno-extra-padding\u00bb column_padding_tablet=\u00bbinherit\u00bb column_padding_phone=\u00bbinherit\u00bb column_padding_position=\u00bball\u00bb column_element_spacing=\u00bbdefault\u00bb background_color_opacity=\u00bb1&#8243; background_hover_color_opacity=\u00bb1&#8243; column_shadow=\u00bbnone\u00bb column_border_radius=\u00bbnone\u00bb column_link_target=\u00bb_self\u00bb gradient_direction=\u00bbleft_to_right\u00bb overlay_strength=\u00bb0.3&#8243; width=\u00bb1\/1&#8243; tablet_width_inherit=\u00bbdefault\u00bb tablet_text_alignment=\u00bbdefault\u00bb phone_text_alignment=\u00bbdefault\u00bb bg_image_animation=\u00bbnone\u00bb border_type=\u00bbsimple\u00bb column_border_width=\u00bbnone\u00bb column_border_style=\u00bbsolid\u00bb][vc_column_text]\n<h3>Tarjeta de miembro:<\/h3>\n<p>En esta p\u00e1gina encontrar\u00e1s tu <strong>tarjeta de identificaci\u00f3n de miembro<\/strong>, que tambi\u00e9n sirve como <strong>tarjeta de grupo sangu\u00edneo<\/strong>. T\u00fa mismo ingresaste los datos cuando te registraste como miembro, y puedes ajustarlos (por ejemplo, la informaci\u00f3n de emergencia) en cualquier momento en tu cuenta (<a href=\"https:\/\/safeblood.net\/es\/profile-mi-perfil-ver-editar\/\" target=\"_blank\" rel=\"noopener\">Mi perfil<\/a>). Esta tarjeta de identificaci\u00f3n tambi\u00e9n contiene una <strong>versi\u00f3n abreviada de tu testamento vital<\/strong>.<\/p>\n<p>Puedes <strong>imprimir la tarjeta<\/strong> de identificaci\u00f3n aqu\u00ed (bot\u00f3n \u00abimprimir tarjeta de miembro\u00bb), en casa, en la oficina, desde un proveedor en l\u00ednea o en una tienda de copias. En papel (imprimir, doblar y plastificar) o en una tarjeta de pl\u00e1stico.<br \/>\nTambi\u00e9n puedes usarla <strong>digitalmente<\/strong>, por ejemplo, descargarla en tu smartphone (bot\u00f3n \u00abguardar como imagen\u00bb) y guardarla all\u00ed en tu \u00e1lbum de fotos o en Apple Wallet u otro similar.<br \/>\nAdem\u00e1s, puedes <strong>importar tanto la tarjeta<\/strong> de identificaci\u00f3n de miembro <strong>como el testamento vital<\/strong> <strong>a trav\u00e9s del c\u00f3digo de emergencia a continuaci\u00f3n<\/strong> directamente en la informaci\u00f3n de emergencia de tu smartphone, que el personal m\u00e9dico de emergencia puede recuperar sin tener que desbloquear tu tel\u00e9fono.<br \/>\nEl <strong>c\u00f3digo QR<\/strong> y el enlace que est\u00e1 encima tambi\u00e9n son <strong>para el personal m\u00e9dico de emergencia<\/strong>. Escanear este c\u00f3digo\/enlace llevar\u00e1 directamente a tu testamento vital y todos los datos m\u00e9dicos relevantes, en una versi\u00f3n especial solo para los m\u00e9dicos, quienes encontrar\u00e1n all\u00ed la opci\u00f3n de traducir estos datos a los principales idiomas mundiales en unos segundos.<\/p>\n<p><strong>Por favor, ten en cuenta que para que el c\u00f3digo QR funcione, primero debes adaptar, firmar y guardar tu testamento vital. Mientras no lo hayas hecho, el c\u00f3digo QR se referir\u00e1 a un testamento vital inexistente y, por lo tanto, generar\u00e1 un mensaje de error.<\/strong><\/p>\n<p><strong>(M\u00e1s informaci\u00f3n sobre la tarjeta de miembro se puede encontrar <a href=\"https:\/\/safeblood.it\/en\/ufaq\/member-id-blood-group-card-2\/\">aqu\u00ed<\/a>).<\/strong><\/p>\n<h3>Testamento Vital:<\/h3>\n<p>El bot\u00f3n \u00abver testamento vital\u00bb te permite <strong>ver tu testamento vital<\/strong>. Sin embargo, antes de poder hacerlo, <strong>primero debes editarlo y guardarlo<\/strong> (\u00abbot\u00f3n editar decreto del paciente\u00bb). Este bot\u00f3n te llevar\u00e1 a la pantalla de edici\u00f3n donde puedes <strong>personalizar<\/strong> la directiva como desees y donde se explica el procedimiento. No olvides guardarlo primero.<\/p>\n<p><strong>(M\u00e1s informaci\u00f3n sobre el testamento vital se puede encontrar <a href=\"https:\/\/safeblood.it\/en\/ufaq\/living-will-patient-directive\/\" target=\"_blank\" rel=\"noopener\">aqu\u00ed<\/a>).<\/strong><\/p>\n<div class=\"members-id\"><h2>Tarjeta de miembro y Testamento vital<\/h2><iframe id=\"membercard\" width=\"100%\" style=\"height:6cm;\" src=\"\/es\/tarjeta-de-miembro?id=\"><\/iframe><\/div><div class=\"member-prints\"><a href=\"#\" class=\"nectar-button regular   has-icon jumbo regular-button \" onclick=\"document.getElementById('membercard').contentWindow.print();\" ><i class=\"fa fa-print\"><\/i>\nImprimir carn\u00e9 de socio<\/a> <a href=\"#\" class=\"nectar-button save_as_image regular  has-icon jumbo    regular-button \"><i class=\"fa fa-picture-o\" aria-hidden=\"true\"><\/i>Guardar como imagen<\/a> <a href=\"\/es\/edit-testamento-vital\/?code=-\" class=\"nectar-button regular  has-icon jumbo    regular-button \"><i class=\"fa fa-file-text\" aria-hidden=\"true\"><\/i>Editar testamento vital<\/a> <a target=\"_blank\" href=\"https:\/\/sbl.onl\/-\" class=\"nectar-button regular   has-icon jumbo  regular-button \"><i class=\"fa fa-eye\" aria-hidden=\"true\"><\/i>Ver testamento vital<\/a><\/div>\n<script src=\"https:\/\/safeblood.it\/wp-content\/plugins\/save-my-frame-as-screenshot\/html2canvas.min.js\" ><\/script>\n\t<script>\n\t\t\njQuery(\".save_as_image\").click(function(){\n\t\n                                \n                                if (jQuery(window).width() > 1000) {\n                                        document.getElementById(\"membercard\").width = \"50%\";\n                                }\n                        \n                               html2canvas(jQuery(\"#membercard\").contents().find('.both-sides')[0],{\n  width: 325,\n  height: 412\n}).then(canvas => {\n                                                                                   document.querySelector(\".image-content\").style.display =\"none\";\n            document.querySelector(\".image-content\").appendChild(canvas);\n                                                                                  return canvas;\n                                                                                  \n                                                            \n\n                       \n                                                        \n                                                                                  }).then(canvas => {\n                                                                                      const image = canvas.toDataURL('image\/png').replace('image\/png', 'image\/octet-stream')\n                                                                                      const a = document.createElement('a')\n                                                                                      a.setAttribute('download', 'safeblood-membercard.png')\n                                                                                      a.setAttribute('href', image)\n                                                                                      a.click()\n                                                                                      canvas.remove()\n                                                                                          document.getElementById(\"membercard\").width = \"100%\";\n                                                                                  })\n                               \n                               \n                               ;});\n\t\t\n<\/script>\n<div class=\"image-content\"><\/div>\n\n\n<hr \/>\n<h3>Informaci\u00f3n de emergencia<\/h3>\n<p>Configura la informaci\u00f3n de emergencia en tu tel\u00e9fono con el siguiente c\u00f3digo, pero solo despu\u00e9s de haber personalizado y guardado el testamento vital. Copia este c\u00f3digo en tu aplicaci\u00f3n m\u00e9dica; una foto de ejemplo que muestra c\u00f3mo y d\u00f3nde insertar el c\u00f3digo se puede encontrar en la parte inferior de esta p\u00e1gina:<br \/>\n\n<p><strong>(M\u00e1s informaci\u00f3n sobre la informaci\u00f3n de emergencia se puede encontrar <a href=\"https:\/\/safeblood.it\/en\/ufaq\/emergency-information-qr-code-link\/\" target=\"_blank\" rel=\"noopener\">aqu\u00ed<\/a>).<\/strong><\/p>\n<p>Para <a href=\"https:\/\/support.google.com\/android\/answer\/9319337?hl=en\" target=\"_blank\" rel=\"noopener\">Android<\/a><br \/>\nPara <a href=\"https:\/\/support.apple.com\/en-us\/HT207021\" target=\"_blank\" rel=\"noopener\">iPhone<\/a><\/p>\n<p>Aqu\u00ed puedes ver d\u00f3nde puedes pegar el c\u00f3digo y qu\u00e9 m\u00e1s puedes agregar si lo deseas:<\/p>\n<p><a href=\"https:\/\/safeblood.it\/wp-content\/uploads\/2023\/11\/medical-info-example.jpg\"><img loading=\"lazy\" class=\"aligncenter size-large wp-image-73141\" src=\"https:\/\/safeblood.it\/wp-content\/uploads\/2023\/11\/medical-info-example-576x1024.jpg\" alt=\"\" width=\"576\" height=\"1024\" srcset=\"https:\/\/safeblood.it\/wp-content\/uploads\/2023\/11\/medical-info-example-576x1024.jpg 576w, https:\/\/safeblood.it\/wp-content\/uploads\/2023\/11\/medical-info-example-169x300.jpg 169w, https:\/\/safeblood.it\/wp-content\/uploads\/2023\/11\/medical-info-example.jpg 750w\" sizes=\"(max-width: 576px) 100vw, 576px\" \/><\/a>[\/vc_column_text][\/vc_column][\/vc_row]\n","protected":false},"excerpt":{"rendered":"<p>[vc_row type=\u00bbin_container\u00bb full_screen_row_position=\u00bbmiddle\u00bb column_margin=\u00bbdefault\u00bb column_direction=\u00bbdefault\u00bb column_direction_tablet=\u00bbdefault\u00bb column_direction_phone=\u00bbdefault\u00bb scene_position=\u00bbcenter\u00bb text_color=\u00bbdark\u00bb text_align=\u00bbleft\u00bb row_border_radius=\u00bbnone\u00bb row_border_radius_applies=\u00bbbg\u00bb overlay_strength=\u00bb0.3&#8243; gradient_direction=\u00bbleft_to_right\u00bb shape_divider_position=\u00bbbottom\u00bb bg_image_animation=\u00bbnone\u00bb][vc_column column_padding=\u00bbno-extra-padding\u00bb column_padding_tablet=\u00bbinherit\u00bb column_padding_phone=\u00bbinherit\u00bb column_padding_position=\u00bball\u00bb column_element_spacing=\u00bbdefault\u00bb background_color_opacity=\u00bb1&#8243; background_hover_color_opacity=\u00bb1&#8243; column_shadow=\u00bbnone\u00bb column_border_radius=\u00bbnone\u00bb column_link_target=\u00bb_self\u00bb gradient_direction=\u00bbleft_to_right\u00bb overlay_strength=\u00bb0.3&#8243; width=\u00bb1\/1&#8243; tablet_width_inherit=\u00bbdefault\u00bb&#8230;<\/p>\n","protected":false},"author":2,"featured_media":0,"parent":0,"menu_order":0,"comment_status":"closed","ping_status":"closed","template":"","meta":[],"_links":{"self":[{"href":"https:\/\/safeblood.it\/es\/wp-json\/wp\/v2\/pages\/75759"}],"collection":[{"href":"https:\/\/safeblood.it\/es\/wp-json\/wp\/v2\/pages"}],"about":[{"href":"https:\/\/safeblood.it\/es\/wp-json\/wp\/v2\/types\/page"}],"author":[{"embeddable":true,"href":"https:\/\/safeblood.it\/es\/wp-json\/wp\/v2\/users\/2"}],"replies":[{"embeddable":true,"href":"https:\/\/safeblood.it\/es\/wp-json\/wp\/v2\/comments?post=75759"}],"version-history":[{"count":2,"href":"https:\/\/safeblood.it\/es\/wp-json\/wp\/v2\/pages\/75759\/revisions"}],"predecessor-version":[{"id":75762,"href":"https:\/\/safeblood.it\/es\/wp-json\/wp\/v2\/pages\/75759\/revisions\/75762"}],"wp:attachment":[{"href":"https:\/\/safeblood.it\/es\/wp-json\/wp\/v2\/media?parent=75759"}],"curies":[{"name":"wp","href":"https:\/\/api.w.org\/{rel}","templated":true}]}}