{"id":75693,"date":"2024-05-05T18:33:42","date_gmt":"2024-05-05T16:33:42","guid":{"rendered":"https:\/\/safeblood.it\/?page_id=75693"},"modified":"2025-09-20T18:05:53","modified_gmt":"2025-09-20T16:05:53","slug":"protocolos-de-reuniones-anuales","status":"publish","type":"page","link":"https:\/\/safeblood.it\/es\/protocolos-de-reuniones-anuales\/","title":{"rendered":"Protocolos de reuniones anuales"},"content":{"rendered":"[vc_row type=\u00bbin_container\u00bb full_screen_row_position=\u00bbmiddle\u00bb column_margin=\u00bbdefault\u00bb column_direction=\u00bbdefault\u00bb column_direction_tablet=\u00bbdefault\u00bb column_direction_phone=\u00bbdefault\u00bb scene_position=\u00bbcenter\u00bb text_color=\u00bbdark\u00bb text_align=\u00bbleft\u00bb row_border_radius=\u00bbnone\u00bb row_border_radius_applies=\u00bbbg\u00bb overlay_strength=\u00bb0.3&#8243; gradient_direction=\u00bbleft_to_right\u00bb shape_divider_position=\u00bbbottom\u00bb bg_image_animation=\u00bbnone\u00bb][vc_column column_padding=\u00bbno-extra-padding\u00bb column_padding_tablet=\u00bbinherit\u00bb column_padding_phone=\u00bbinherit\u00bb column_padding_position=\u00bball\u00bb column_element_spacing=\u00bbdefault\u00bb background_color_opacity=\u00bb1&#8243; background_hover_color_opacity=\u00bb1&#8243; column_shadow=\u00bbnone\u00bb column_border_radius=\u00bbnone\u00bb column_link_target=\u00bb_self\u00bb gradient_direction=\u00bbleft_to_right\u00bb overlay_strength=\u00bb0.3&#8243; width=\u00bb1\/1&#8243; tablet_width_inherit=\u00bbdefault\u00bb tablet_text_alignment=\u00bbdefault\u00bb phone_text_alignment=\u00bbdefault\u00bb bg_image_animation=\u00bbnone\u00bb border_type=\u00bbsimple\u00bb column_border_width=\u00bbnone\u00bb column_border_style=\u00bbsolid\u00bb][vc_column_text]<strong>Muchas gracias por participar en nuestra Asamblea General Anual celebrada el 20 de junio de 2025, correspondiente al ejercicio 2024.<\/strong><\/p>\n<p>Por primera vez, hemos podido dar la bienvenida a participantes de todo el mundo y el a\u00f1o que viene volveremos a celebrar esta junta de forma online. Todos los asuntos y elecciones fueron aprobados por los participantes sin ning\u00fan voto en contra. El voto electr\u00f3nico funcion\u00f3 a la perfecci\u00f3n.<\/p>\n<p>A continuaci\u00f3n encontrar\u00e1 la grabaci\u00f3n en v\u00eddeo de la reuni\u00f3n, que tambi\u00e9n sirve como acta de la misma (en ingl\u00e9s).<\/p>\n<div style=\"width: 1080px;\" class=\"wp-video\"><!--[if lt IE 9]><script>document.createElement('video');<\/script><![endif]-->\n<video class=\"wp-video-shortcode\" id=\"video-75693-1\" width=\"1080\" height=\"608\" preload=\"metadata\" controls=\"controls\"><source type=\"video\/mp4\" src=\"https:\/\/safeblood.it\/wp-content\/uploads\/2025\/08\/GeneralAssembly-20250620.mp4?_=1\" \/><a href=\"https:\/\/safeblood.it\/wp-content\/uploads\/2025\/08\/GeneralAssembly-20250620.mp4\">https:\/\/safeblood.it\/wp-content\/uploads\/2025\/08\/GeneralAssembly-20250620.mp4<\/a><\/video><\/div>[\/vc_column_text][divider line_type=\u00bbFull Width Line\u00bb line_thickness=\u00bb1&#8243; divider_color=\u00bbaccent-color\u00bb][\/vc_column][\/vc_row][vc_row type=\u00bbin_container\u00bb full_screen_row_position=\u00bbmiddle\u00bb column_margin=\u00bbdefault\u00bb column_direction=\u00bbdefault\u00bb column_direction_tablet=\u00bbdefault\u00bb column_direction_phone=\u00bbdefault\u00bb scene_position=\u00bbcenter\u00bb text_color=\u00bbdark\u00bb text_align=\u00bbleft\u00bb row_border_radius=\u00bbnone\u00bb row_border_radius_applies=\u00bbbg\u00bb overlay_strength=\u00bb0.3&#8243; gradient_direction=\u00bbleft_to_right\u00bb shape_divider_position=\u00bbbottom\u00bb bg_image_animation=\u00bbnone\u00bb][vc_column column_padding=\u00bbno-extra-padding\u00bb column_padding_tablet=\u00bbinherit\u00bb column_padding_phone=\u00bbinherit\u00bb column_padding_position=\u00bball\u00bb column_element_spacing=\u00bbdefault\u00bb background_color_opacity=\u00bb1&#8243; background_hover_color_opacity=\u00bb1&#8243; column_shadow=\u00bbnone\u00bb column_border_radius=\u00bbnone\u00bb column_link_target=\u00bb_self\u00bb gradient_direction=\u00bbleft_to_right\u00bb overlay_strength=\u00bb0.3&#8243; width=\u00bb1\/1&#8243; tablet_width_inherit=\u00bbdefault\u00bb tablet_text_alignment=\u00bbdefault\u00bb phone_text_alignment=\u00bbdefault\u00bb bg_image_animation=\u00bbnone\u00bb border_type=\u00bbsimple\u00bb column_border_width=\u00bbnone\u00bb column_border_style=\u00bbsolid\u00bb][vc_column_text]<strong>La grabaci\u00f3n en v\u00eddeo de nuestra Junta General Anual del 8.6.2024, correspondiente al ejercicio 2023.<\/strong><\/p>\n<p>Tambi\u00e9n sirve como acta de la reuni\u00f3n.<\/p>\n<p><em>Esta es la versi\u00f3n en ingl\u00e9s:<\/em><\/p>\n<p><iframe loading=\"lazy\" class=\"rumble\" src=\"https:\/\/rumble.com\/embed\/v4ykrfx\/?pub=vvn0n\" width=\"640\" height=\"360\" frameborder=\"0\" allowfullscreen=\"allowfullscreen\" data-mce-fragment=\"1\"><\/iframe><\/p>\n<p><strong>Puedes descargar los estatutos actuales <a href=\"https:\/\/safeblood.es\/es\/sobre-nosotros\/\" target=\"_blank\" rel=\"noopener\">aqu\u00ed<\/a>.<\/strong><\/p>\n<p>Este a\u00f1o hemos celebrado la reuni\u00f3n en dos idiomas, alem\u00e1n e ingl\u00e9s, y despu\u00e9s hemos editado el v\u00eddeo en dos versiones. En ambas versiones digo m\u00e1s o menos lo mismo, pero a veces con informaci\u00f3n adicional relativa a la regi\u00f3n ling\u00fc\u00edstica respectiva.<\/p>\n<p>Comentario: En la introducci\u00f3n, hablo de una votaci\u00f3n que tuvo lugar en Suiza al d\u00eda siguiente de nuestra reuni\u00f3n; una votaci\u00f3n hist\u00f3rica que pretend\u00eda incluir la \u00abintegridad f\u00edsica\u00bb en la Constituci\u00f3n Federal. Y, como me tem\u00eda, el resultado de la votaci\u00f3n fue que alrededor del 75% de los votantes rechazaron esta iniciativa. Habr\u00edan tenido la oportunidad de consagrar este derecho en la Constituci\u00f3n en las urnas, pero prefirieron delegar en el Gobierno la responsabilidad de su salud y su libertad. El 75% de los suizos piensa que el Gobierno sabe mejor que ellos lo que es bueno para su cuerpo y el de sus hijos. El 75% renuncia voluntariamente a su libertad y sus derechos b\u00e1sicos. Esto realmente hace que uno se pregunte para qu\u00e9 sirve una democracia&#8230;[\/vc_column_text][divider line_type=\u00bbFull Width Line\u00bb line_thickness=\u00bb1&#8243; divider_color=\u00bbaccent-color\u00bb][\/vc_column][\/vc_row][vc_row type=\u00bbin_container\u00bb full_screen_row_position=\u00bbmiddle\u00bb column_margin=\u00bbdefault\u00bb column_direction=\u00bbdefault\u00bb column_direction_tablet=\u00bbdefault\u00bb column_direction_phone=\u00bbdefault\u00bb scene_position=\u00bbcenter\u00bb text_color=\u00bbdark\u00bb text_align=\u00bbleft\u00bb row_border_radius=\u00bbnone\u00bb row_border_radius_applies=\u00bbbg\u00bb overlay_strength=\u00bb0.3&#8243; gradient_direction=\u00bbleft_to_right\u00bb shape_divider_position=\u00bbbottom\u00bb bg_image_animation=\u00bbnone\u00bb][vc_column column_padding=\u00bbno-extra-padding\u00bb column_padding_tablet=\u00bbinherit\u00bb column_padding_phone=\u00bbinherit\u00bb column_padding_position=\u00bball\u00bb column_element_spacing=\u00bbdefault\u00bb background_color_opacity=\u00bb1&#8243; background_hover_color_opacity=\u00bb1&#8243; column_shadow=\u00bbnone\u00bb column_border_radius=\u00bbnone\u00bb column_link_target=\u00bb_self\u00bb gradient_direction=\u00bbleft_to_right\u00bb overlay_strength=\u00bb0.3&#8243; width=\u00bb1\/1&#8243; tablet_width_inherit=\u00bbdefault\u00bb tablet_text_alignment=\u00bbdefault\u00bb phone_text_alignment=\u00bbdefault\u00bb bg_image_animation=\u00bbnone\u00bb border_type=\u00bbsimple\u00bb column_border_width=\u00bbnone\u00bb column_border_style=\u00bbsolid\u00bb][vc_column_text]<strong>El video grabado de nuestra Asamblea General Anual del 15.6.2023.<\/strong><\/p>\n<p>Tambi\u00e9n sirve como acta de la reuni\u00f3n.<\/p>\n<p><em>Esta es la versi\u00f3n con subt\u00edtulos en ingl\u00e9s.<\/em><\/p>\n<p><iframe loading=\"lazy\" class=\"rumble\" src=\"https:\/\/rumble.com\/embed\/v2yqrq0\/?pub=vvn0n\" width=\"640\" height=\"360\" frameborder=\"0\" allowfullscreen=\"allowfullscreen\"><\/iframe><\/p>\n<p><strong>Puedes descargar los estatutos actuales <a href=\"https:\/\/safeblood.es\/es\/sobre-nosotros\/\" target=\"_blank\" rel=\"noopener\">aqu\u00ed<\/a>.<\/strong>[\/vc_column_text][\/vc_column][\/vc_row]\n","protected":false},"excerpt":{"rendered":"<p>[vc_row type=\u00bbin_container\u00bb full_screen_row_position=\u00bbmiddle\u00bb column_margin=\u00bbdefault\u00bb column_direction=\u00bbdefault\u00bb column_direction_tablet=\u00bbdefault\u00bb column_direction_phone=\u00bbdefault\u00bb scene_position=\u00bbcenter\u00bb text_color=\u00bbdark\u00bb text_align=\u00bbleft\u00bb row_border_radius=\u00bbnone\u00bb row_border_radius_applies=\u00bbbg\u00bb overlay_strength=\u00bb0.3&#8243; gradient_direction=\u00bbleft_to_right\u00bb shape_divider_position=\u00bbbottom\u00bb bg_image_animation=\u00bbnone\u00bb][vc_column column_padding=\u00bbno-extra-padding\u00bb column_padding_tablet=\u00bbinherit\u00bb column_padding_phone=\u00bbinherit\u00bb column_padding_position=\u00bball\u00bb column_element_spacing=\u00bbdefault\u00bb background_color_opacity=\u00bb1&#8243; background_hover_color_opacity=\u00bb1&#8243; column_shadow=\u00bbnone\u00bb column_border_radius=\u00bbnone\u00bb column_link_target=\u00bb_self\u00bb gradient_direction=\u00bbleft_to_right\u00bb overlay_strength=\u00bb0.3&#8243; width=\u00bb1\/1&#8243; tablet_width_inherit=\u00bbdefault\u00bb&#8230;<\/p>\n","protected":false},"author":2,"featured_media":0,"parent":0,"menu_order":0,"comment_status":"closed","ping_status":"closed","template":"","meta":[],"_links":{"self":[{"href":"https:\/\/safeblood.it\/es\/wp-json\/wp\/v2\/pages\/75693"}],"collection":[{"href":"https:\/\/safeblood.it\/es\/wp-json\/wp\/v2\/pages"}],"about":[{"href":"https:\/\/safeblood.it\/es\/wp-json\/wp\/v2\/types\/page"}],"author":[{"embeddable":true,"href":"https:\/\/safeblood.it\/es\/wp-json\/wp\/v2\/users\/2"}],"replies":[{"embeddable":true,"href":"https:\/\/safeblood.it\/es\/wp-json\/wp\/v2\/comments?post=75693"}],"version-history":[{"count":10,"href":"https:\/\/safeblood.it\/es\/wp-json\/wp\/v2\/pages\/75693\/revisions"}],"predecessor-version":[{"id":80517,"href":"https:\/\/safeblood.it\/es\/wp-json\/wp\/v2\/pages\/75693\/revisions\/80517"}],"wp:attachment":[{"href":"https:\/\/safeblood.it\/es\/wp-json\/wp\/v2\/media?parent=75693"}],"curies":[{"name":"wp","href":"https:\/\/api.w.org\/{rel}","templated":true}]}}